{"id":1386,"date":"2025-10-20T11:01:22","date_gmt":"2025-10-20T16:01:22","guid":{"rendered":"https:\/\/tribunalsuperiortunja.gov.co\/?page_id=1386"},"modified":"2026-04-24T09:52:30","modified_gmt":"2026-04-24T14:52:30","slug":"historia-y-contexto","status":"publish","type":"page","link":"https:\/\/tribunalsuperiortunja.gov.co\/?page_id=1386","title":{"rendered":"Historia y Contexto"},"content":{"rendered":"<div class=\"wp-block-image\">\n<figure class=\"aligncenter size-large is-resized\"><img loading=\"lazy\" decoding=\"async\" width=\"715\" height=\"1024\" src=\"https:\/\/tribunalsuperiortunja.gov.co\/wp-content\/uploads\/2025\/10\/image-715x1024.png\" alt=\"\" class=\"wp-image-1394\" style=\"width:272px;height:auto\" srcset=\"https:\/\/tribunalsuperiortunja.gov.co\/wp-content\/uploads\/2025\/10\/image-715x1024.png 715w, https:\/\/tribunalsuperiortunja.gov.co\/wp-content\/uploads\/2025\/10\/image-209x300.png 209w, https:\/\/tribunalsuperiortunja.gov.co\/wp-content\/uploads\/2025\/10\/image.png 735w\" sizes=\"auto, (max-width: 715px) 100vw, 715px\" \/><\/figure><\/div>\n\n\n<p class=\"has-text-align-center has-large-font-size\">Tribunal Superior del Distrito Judicial de Tunja<\/p>\n\n\n\n<figure class=\"wp-block-embed is-type-video is-provider-youtube wp-block-embed-youtube wp-embed-aspect-16-9 wp-has-aspect-ratio\"><div class=\"wp-block-embed__wrapper\">\n<iframe loading=\"lazy\" title=\"Video Contexto TST2026\" width=\"720\" height=\"405\" src=\"https:\/\/www.youtube.com\/embed\/DXovrnL0rrE?feature=oembed\" frameborder=\"0\" allow=\"accelerometer; autoplay; clipboard-write; encrypted-media; gyroscope; picture-in-picture; web-share\" referrerpolicy=\"strict-origin-when-cross-origin\" allowfullscreen><\/iframe>\n<\/div><\/figure>\n\n\n\n<p><\/p>\n\n\n\n<p class=\"has-medium-font-size\">La Nueva Granada&nbsp;fue el nombre que recibi\u00f3 la Rep\u00fablica Unitaria creada por las provincias centrales de la Gran Colombia tras la disoluci\u00f3n de \u00e9sta en 1830. Mantuvo ese nombre desde 1831 hasta 1858, cuando pas\u00f3 a llamarse Confederaci\u00f3n Granadina. Esta \u00e9poca se caracteriz\u00f3 por cambios pol\u00edticos, sociales y econ\u00f3micos, los cuales ocasionaron disputas y enfrentamientos entre diversos sectores sociales, fue un contexto en el que tras las reformas iniciadas por el presidente Jos\u00e9 Hilario L\u00f3pez, que inclu\u00edan la libertad de los esclavos (21 de mayo de 1851), expulsi\u00f3n de los jesuitas, \u200b supresi\u00f3n de la pena de muerte y la prisi\u00f3n por deudas, y la consagraci\u00f3n de la libertad de prensa y el juicio por jurados, tras superarse una de las tantas guerras civiles e intentos separatistas de Panam\u00e1, incluidos levantamientos en Sogamoso, Mariquita, Guatavita y El Guamo.<\/p>\n\n\n\n<p class=\"has-medium-font-size\">Para sofocar estas sublevaciones, el Gobierno nombr\u00f3 entonces al general Jos\u00e9 Mar\u00eda Obando como general en jefe del Ej\u00e9rcito del Sur y al general Tom\u00e1s Herrera, comandante en el Valle del Cauca, la guerra fue terminada con la derrota de Mariano Ospina Rodr\u00edguez el 30 de agosto. Al desempe\u00f1ar la presidencia interina de la Rep\u00fablica de la Nueva Granada en su primera de las 7 ocasiones en la que lo hizo, el vicepresidente de la rep\u00fablica, don Jos\u00e9 de Obald\u00eda<a href=\"#_ftn1\" id=\"_ftnref1\">[1]<\/a>, expidi\u00f3 el decreto del 21 de noviembre que dec\u00eda:<\/p>\n\n\n\n<p class=\"has-medium-font-size\"><em>\u00abDECRETA: Art\u00edculo 1 Decl\u00e1rase establecido el distrito judicial de Tunja para la sola provincia del mismo nombre, con residencia en su capital\u201d<\/em>&#8230;.<\/p>\n\n\n\n<p class=\"has-medium-font-size\">El acto fue ratificado por El General Jos\u00e9 Hilario L\u00f3pez, presidente de la Rep\u00fablica, mediante decreto del 10 de noviembre de 1852 por el cual se forman varios distritos judiciales. El decreto dice respecto de este Tribunal: Dice:<\/p>\n\n\n\n<p class=\"has-medium-font-size\"><em>\u201cArt\u00edculo 2. El de Boyac\u00e1, compuesto de las provincias de Tunja y Cundinamarca&#8230;\u201d.<\/em><\/p>\n\n\n\n<p class=\"has-medium-font-size\"><em>\u201cArt\u00edculo 3. El Tribunal de Boyac\u00e1 residir\u00e1 en la ciudad de Tunja&#8230;\u201d.<\/em><\/p>\n\n\n\n<p class=\"has-medium-font-size\">En sus comienzos, el Tribunal funcion\u00f3 durante largos a\u00f1os en el antiguo convento de los padres dominicos, que a fe de la historia corresponder\u00eda a la iglesia santo Domingo ubicada en el centro de Tunja.<\/p>\n\n\n\n<p class=\"has-medium-font-size\">El Tribunal Superior ejerce sus funciones por conducto de la Sala Plena integrada por la totalidad de los Magistrados, la Sala de Gobierno, las Salas Especializadas y por las dem\u00e1s Salas de Decisi\u00f3n plurales e impares, de acuerdo con la Ley, as\u00ed como las normas que rigen y orientan su actividad.<\/p>\n\n\n\n<hr class=\"wp-block-separator has-alpha-channel-opacity\"\/>\n\n\n\n<p><a href=\"#_ftnref1\" id=\"_ftn1\">[1]<\/a> Realiz\u00f3 sus estudios de derecho en la Universidad Central de Bogot\u00e1 (hoy Universidad Nacional de Colombia), en la cual obtuvo su t\u00edtulo de doctor en Derecho y Ciencias Pol\u00edticas. Particip\u00f3 en las c\u00e1maras legislativas de Colombia y fue gobernador del Istmo de Panam\u00e1.<\/p>\n","protected":false},"excerpt":{"rendered":"<p>Tribunal Superior del Distrito Judicial de Tunja La Nueva Granada&nbsp;fue el nombre que recibi\u00f3 la Rep\u00fablica Unitaria creada por las provincias centrales de la Gran Colombia tras la disoluci\u00f3n de \u00e9sta en 1830. Mantuvo ese nombre desde 1831 hasta 1858, cuando pas\u00f3 a llamarse Confederaci\u00f3n Granadina. Esta \u00e9poca se caracteriz\u00f3 por cambios pol\u00edticos, sociales y [&hellip;]<\/p>\n","protected":false},"author":1,"featured_media":0,"parent":0,"menu_order":0,"comment_status":"closed","ping_status":"closed","template":"","meta":{"_uag_custom_page_level_css":"","footnotes":""},"class_list":["post-1386","page","type-page","status-publish","hentry","post"],"yoast_head":"<!-- This site is optimized with the Yoast SEO plugin v27.1.1 - https:\/\/yoast.com\/product\/yoast-seo-wordpress\/ -->\n<title>Historia y Contexto - Tribunal Superior del Distrito Judicial de Tunja<\/title>\n<meta name=\"robots\" content=\"index, follow, max-snippet:-1, max-image-preview:large, max-video-preview:-1\" \/>\n<link rel=\"canonical\" href=\"https:\/\/tribunalsuperiortunja.gov.co\/?page_id=1386\" \/>\n<meta property=\"og:locale\" content=\"es_ES\" \/>\n<meta property=\"og:type\" content=\"article\" \/>\n<meta property=\"og:title\" content=\"Historia y Contexto - Tribunal Superior del Distrito Judicial de Tunja\" \/>\n<meta property=\"og:description\" content=\"Tribunal Superior del Distrito Judicial de Tunja La Nueva Granada&nbsp;fue el nombre que recibi\u00f3 la Rep\u00fablica Unitaria creada por las provincias centrales de la Gran Colombia tras la disoluci\u00f3n de \u00e9sta en 1830. Mantuvo ese nombre desde 1831 hasta 1858, cuando pas\u00f3 a llamarse Confederaci\u00f3n Granadina. Esta \u00e9poca se caracteriz\u00f3 por cambios pol\u00edticos, sociales y [&hellip;]\" \/>\n<meta property=\"og:url\" content=\"https:\/\/tribunalsuperiortunja.gov.co\/?page_id=1386\" \/>\n<meta property=\"og:site_name\" content=\"Tribunal Superior del Distrito Judicial de Tunja\" \/>\n<meta property=\"article:modified_time\" content=\"2026-04-24T14:52:30+00:00\" \/>\n<meta property=\"og:image\" content=\"https:\/\/tribunalsuperiortunja.gov.co\/wp-content\/uploads\/2025\/10\/image.png\" \/>\n\t<meta property=\"og:image:width\" content=\"735\" \/>\n\t<meta property=\"og:image:height\" content=\"1053\" \/>\n\t<meta property=\"og:image:type\" content=\"image\/png\" \/>\n<meta name=\"twitter:card\" content=\"summary_large_image\" \/>\n<meta name=\"twitter:label1\" content=\"Tiempo de lectura\" \/>\n\t<meta name=\"twitter:data1\" content=\"3 minutos\" \/>\n<script type=\"application\/ld+json\" class=\"yoast-schema-graph\">{\"@context\":\"https:\/\/schema.org\",\"@graph\":[{\"@type\":\"WebPage\",\"@id\":\"https:\/\/tribunalsuperiortunja.gov.co\/?page_id=1386\",\"url\":\"https:\/\/tribunalsuperiortunja.gov.co\/?page_id=1386\",\"name\":\"Historia y Contexto - Tribunal Superior del Distrito Judicial de Tunja\",\"isPartOf\":{\"@id\":\"https:\/\/tribunalsuperiortunja.gov.co\/#website\"},\"primaryImageOfPage\":{\"@id\":\"https:\/\/tribunalsuperiortunja.gov.co\/?page_id=1386#primaryimage\"},\"image\":{\"@id\":\"https:\/\/tribunalsuperiortunja.gov.co\/?page_id=1386#primaryimage\"},\"thumbnailUrl\":\"https:\/\/tribunalsuperiortunja.gov.co\/wp-content\/uploads\/2025\/10\/image-715x1024.png\",\"datePublished\":\"2025-10-20T16:01:22+00:00\",\"dateModified\":\"2026-04-24T14:52:30+00:00\",\"breadcrumb\":{\"@id\":\"https:\/\/tribunalsuperiortunja.gov.co\/?page_id=1386#breadcrumb\"},\"inLanguage\":\"es\",\"potentialAction\":[{\"@type\":\"ReadAction\",\"target\":[\"https:\/\/tribunalsuperiortunja.gov.co\/?page_id=1386\"]}]},{\"@type\":\"ImageObject\",\"inLanguage\":\"es\",\"@id\":\"https:\/\/tribunalsuperiortunja.gov.co\/?page_id=1386#primaryimage\",\"url\":\"https:\/\/tribunalsuperiortunja.gov.co\/wp-content\/uploads\/2025\/10\/image.png\",\"contentUrl\":\"https:\/\/tribunalsuperiortunja.gov.co\/wp-content\/uploads\/2025\/10\/image.png\",\"width\":735,\"height\":1053},{\"@type\":\"BreadcrumbList\",\"@id\":\"https:\/\/tribunalsuperiortunja.gov.co\/?page_id=1386#breadcrumb\",\"itemListElement\":[{\"@type\":\"ListItem\",\"position\":1,\"name\":\"Portada\",\"item\":\"https:\/\/tribunalsuperiortunja.gov.co\/\"},{\"@type\":\"ListItem\",\"position\":2,\"name\":\"Historia y Contexto\"}]},{\"@type\":\"WebSite\",\"@id\":\"https:\/\/tribunalsuperiortunja.gov.co\/#website\",\"url\":\"https:\/\/tribunalsuperiortunja.gov.co\/\",\"name\":\"Tribunal Superior del Distrito Judicial de Tunja\",\"description\":\"Tribunal Superior del Distrito Judicial de Tunja\",\"publisher\":{\"@id\":\"https:\/\/tribunalsuperiortunja.gov.co\/#organization\"},\"potentialAction\":[{\"@type\":\"SearchAction\",\"target\":{\"@type\":\"EntryPoint\",\"urlTemplate\":\"https:\/\/tribunalsuperiortunja.gov.co\/?s={search_term_string}\"},\"query-input\":{\"@type\":\"PropertyValueSpecification\",\"valueRequired\":true,\"valueName\":\"search_term_string\"}}],\"inLanguage\":\"es\"},{\"@type\":\"Organization\",\"@id\":\"https:\/\/tribunalsuperiortunja.gov.co\/#organization\",\"name\":\"Tribunal Superior del Distrito Judicial de Tunja\",\"url\":\"https:\/\/tribunalsuperiortunja.gov.co\/\",\"logo\":{\"@type\":\"ImageObject\",\"inLanguage\":\"es\",\"@id\":\"https:\/\/tribunalsuperiortunja.gov.co\/#\/schema\/logo\/image\/\",\"url\":\"https:\/\/tribunalsuperiortunja.gov.co\/wp-content\/uploads\/2023\/02\/cropped-tribunal-e1675886419375.png\",\"contentUrl\":\"https:\/\/tribunalsuperiortunja.gov.co\/wp-content\/uploads\/2023\/02\/cropped-tribunal-e1675886419375.png\",\"width\":100,\"height\":100,\"caption\":\"Tribunal Superior del Distrito Judicial de Tunja\"},\"image\":{\"@id\":\"https:\/\/tribunalsuperiortunja.gov.co\/#\/schema\/logo\/image\/\"}}]}<\/script>\n<!-- \/ Yoast SEO plugin. -->","yoast_head_json":{"title":"Historia y Contexto - Tribunal Superior del Distrito Judicial de Tunja","robots":{"index":"index","follow":"follow","max-snippet":"max-snippet:-1","max-image-preview":"max-image-preview:large","max-video-preview":"max-video-preview:-1"},"canonical":"https:\/\/tribunalsuperiortunja.gov.co\/?page_id=1386","og_locale":"es_ES","og_type":"article","og_title":"Historia y Contexto - Tribunal Superior del Distrito Judicial de Tunja","og_description":"Tribunal Superior del Distrito Judicial de Tunja La Nueva Granada&nbsp;fue el nombre que recibi\u00f3 la Rep\u00fablica Unitaria creada por las provincias centrales de la Gran Colombia tras la disoluci\u00f3n de \u00e9sta en 1830. Mantuvo ese nombre desde 1831 hasta 1858, cuando pas\u00f3 a llamarse Confederaci\u00f3n Granadina. Esta \u00e9poca se caracteriz\u00f3 por cambios pol\u00edticos, sociales y [&hellip;]","og_url":"https:\/\/tribunalsuperiortunja.gov.co\/?page_id=1386","og_site_name":"Tribunal Superior del Distrito Judicial de Tunja","article_modified_time":"2026-04-24T14:52:30+00:00","og_image":[{"width":735,"height":1053,"url":"https:\/\/tribunalsuperiortunja.gov.co\/wp-content\/uploads\/2025\/10\/image.png","type":"image\/png"}],"twitter_card":"summary_large_image","twitter_misc":{"Tiempo de lectura":"3 minutos"},"schema":{"@context":"https:\/\/schema.org","@graph":[{"@type":"WebPage","@id":"https:\/\/tribunalsuperiortunja.gov.co\/?page_id=1386","url":"https:\/\/tribunalsuperiortunja.gov.co\/?page_id=1386","name":"Historia y Contexto - Tribunal Superior del Distrito Judicial de Tunja","isPartOf":{"@id":"https:\/\/tribunalsuperiortunja.gov.co\/#website"},"primaryImageOfPage":{"@id":"https:\/\/tribunalsuperiortunja.gov.co\/?page_id=1386#primaryimage"},"image":{"@id":"https:\/\/tribunalsuperiortunja.gov.co\/?page_id=1386#primaryimage"},"thumbnailUrl":"https:\/\/tribunalsuperiortunja.gov.co\/wp-content\/uploads\/2025\/10\/image-715x1024.png","datePublished":"2025-10-20T16:01:22+00:00","dateModified":"2026-04-24T14:52:30+00:00","breadcrumb":{"@id":"https:\/\/tribunalsuperiortunja.gov.co\/?page_id=1386#breadcrumb"},"inLanguage":"es","potentialAction":[{"@type":"ReadAction","target":["https:\/\/tribunalsuperiortunja.gov.co\/?page_id=1386"]}]},{"@type":"ImageObject","inLanguage":"es","@id":"https:\/\/tribunalsuperiortunja.gov.co\/?page_id=1386#primaryimage","url":"https:\/\/tribunalsuperiortunja.gov.co\/wp-content\/uploads\/2025\/10\/image.png","contentUrl":"https:\/\/tribunalsuperiortunja.gov.co\/wp-content\/uploads\/2025\/10\/image.png","width":735,"height":1053},{"@type":"BreadcrumbList","@id":"https:\/\/tribunalsuperiortunja.gov.co\/?page_id=1386#breadcrumb","itemListElement":[{"@type":"ListItem","position":1,"name":"Portada","item":"https:\/\/tribunalsuperiortunja.gov.co\/"},{"@type":"ListItem","position":2,"name":"Historia y Contexto"}]},{"@type":"WebSite","@id":"https:\/\/tribunalsuperiortunja.gov.co\/#website","url":"https:\/\/tribunalsuperiortunja.gov.co\/","name":"Tribunal Superior del Distrito Judicial de Tunja","description":"Tribunal Superior del Distrito Judicial de Tunja","publisher":{"@id":"https:\/\/tribunalsuperiortunja.gov.co\/#organization"},"potentialAction":[{"@type":"SearchAction","target":{"@type":"EntryPoint","urlTemplate":"https:\/\/tribunalsuperiortunja.gov.co\/?s={search_term_string}"},"query-input":{"@type":"PropertyValueSpecification","valueRequired":true,"valueName":"search_term_string"}}],"inLanguage":"es"},{"@type":"Organization","@id":"https:\/\/tribunalsuperiortunja.gov.co\/#organization","name":"Tribunal Superior del Distrito Judicial de Tunja","url":"https:\/\/tribunalsuperiortunja.gov.co\/","logo":{"@type":"ImageObject","inLanguage":"es","@id":"https:\/\/tribunalsuperiortunja.gov.co\/#\/schema\/logo\/image\/","url":"https:\/\/tribunalsuperiortunja.gov.co\/wp-content\/uploads\/2023\/02\/cropped-tribunal-e1675886419375.png","contentUrl":"https:\/\/tribunalsuperiortunja.gov.co\/wp-content\/uploads\/2023\/02\/cropped-tribunal-e1675886419375.png","width":100,"height":100,"caption":"Tribunal Superior del Distrito Judicial de Tunja"},"image":{"@id":"https:\/\/tribunalsuperiortunja.gov.co\/#\/schema\/logo\/image\/"}}]}},"uagb_featured_image_src":{"full":false,"thumbnail":false,"medium":false,"medium_large":false,"large":false,"1536x1536":false,"2048x2048":false,"post-thumbnail":false,"vantage-thumbnail-no-sidebar":false,"vantage-slide":false,"vantage-carousel":false,"vantage-grid-loop":false},"uagb_author_info":{"display_name":"tunjasoporte","author_link":"https:\/\/tribunalsuperiortunja.gov.co\/?author=1"},"uagb_comment_info":0,"uagb_excerpt":"Tribunal Superior del Distrito Judicial de Tunja La Nueva Granada&nbsp;fue el nombre que recibi\u00f3 la Rep\u00fablica Unitaria creada por las provincias centrales de la Gran Colombia tras la disoluci\u00f3n de \u00e9sta en 1830. Mantuvo ese nombre desde 1831 hasta 1858, cuando pas\u00f3 a llamarse Confederaci\u00f3n Granadina. Esta \u00e9poca se caracteriz\u00f3 por cambios pol\u00edticos, sociales y&hellip;","rttpg_featured_image_url":null,"rttpg_author":{"display_name":"tunjasoporte","author_link":"https:\/\/tribunalsuperiortunja.gov.co\/?author=1"},"rttpg_comment":0,"rttpg_category":null,"rttpg_excerpt":"Tribunal Superior del Distrito Judicial de Tunja La Nueva Granada&nbsp;fue el nombre que recibi\u00f3 la Rep\u00fablica Unitaria creada por las provincias centrales de la Gran Colombia tras la disoluci\u00f3n de \u00e9sta en 1830. Mantuvo ese nombre desde 1831 hasta 1858, cuando pas\u00f3 a llamarse Confederaci\u00f3n Granadina. Esta \u00e9poca se caracteriz\u00f3 por cambios pol\u00edticos, sociales y&hellip;","_links":{"self":[{"href":"https:\/\/tribunalsuperiortunja.gov.co\/index.php?rest_route=\/wp\/v2\/pages\/1386","targetHints":{"allow":["GET"]}}],"collection":[{"href":"https:\/\/tribunalsuperiortunja.gov.co\/index.php?rest_route=\/wp\/v2\/pages"}],"about":[{"href":"https:\/\/tribunalsuperiortunja.gov.co\/index.php?rest_route=\/wp\/v2\/types\/page"}],"author":[{"embeddable":true,"href":"https:\/\/tribunalsuperiortunja.gov.co\/index.php?rest_route=\/wp\/v2\/users\/1"}],"replies":[{"embeddable":true,"href":"https:\/\/tribunalsuperiortunja.gov.co\/index.php?rest_route=%2Fwp%2Fv2%2Fcomments&post=1386"}],"version-history":[{"count":10,"href":"https:\/\/tribunalsuperiortunja.gov.co\/index.php?rest_route=\/wp\/v2\/pages\/1386\/revisions"}],"predecessor-version":[{"id":1909,"href":"https:\/\/tribunalsuperiortunja.gov.co\/index.php?rest_route=\/wp\/v2\/pages\/1386\/revisions\/1909"}],"wp:attachment":[{"href":"https:\/\/tribunalsuperiortunja.gov.co\/index.php?rest_route=%2Fwp%2Fv2%2Fmedia&parent=1386"}],"curies":[{"name":"wp","href":"https:\/\/api.w.org\/{rel}","templated":true}]}}