{"id":235,"date":"2023-08-23T15:32:13","date_gmt":"2023-08-23T20:32:13","guid":{"rendered":"https:\/\/tribunalsuperiortunja.gov.co\/?page_id=235"},"modified":"2023-08-24T18:23:45","modified_gmt":"2023-08-24T23:23:45","slug":"canales-virtuales-juzgados-civiles-y-familia-de-tunja","status":"publish","type":"page","link":"https:\/\/tribunalsuperiortunja.gov.co\/?page_id=235","title":{"rendered":"Canales Virtuales Juzgados Civiles y Familia de Tunja"},"content":{"rendered":"\n<hr class=\"wp-block-separator has-alpha-channel-opacity\"\/>\n\n\n<p style=\"text-align: center;\"><a href=\"http:\/\/tribunalsuperiortunja.gov.co\/wp-content\/uploads\/2023\/08\/RESOLUCION-SP-045-TELETRABAJO.pdf\" target=\"_blank\" rel=\"noopener\"><img loading=\"lazy\" decoding=\"async\" class=\" wp-image-153 aligncenter\" src=\"http:\/\/tribunalsuperiortunja.gov.co\/wp-content\/uploads\/2023\/04\/descarga.png\" alt=\"\" width=\"40\" height=\"49\">Resoluci\u00f3n 045 del Tribunal Superior de Tunja, por medio de la cual se autoriza la modalidad de trabajo en casa a unos funcionarios judiciales<\/a><\/p>\n\n\n<hr class=\"wp-block-separator has-alpha-channel-opacity\"\/>\n\n\n<h2><strong>Juzgado 03 Familia &#8211; Boyac\u00e1 &#8211; Tunja<\/strong><\/h2>\n<ul>\n<li>Enlace de ventanilla o baranda virtual: No Dispuesto<\/li>\n<li>N\u00famero telef\u00f3nico: 315 388 6671 llamadas\/WhatsApp<\/li>\n<li>Url de micrositio. <a href=\"https:\/\/www.ramajudicial.gov.co\/web\/juzgado-003-de-familia-de-tunja\">https:\/\/www.ramajudicial.gov.co\/web\/juzgado-003-de-familia-de-tunja<\/a><\/li>\n<li>Direcci\u00f3n de correo electr\u00f3nico: j03fctotun@cendoj.ramajudicial.gov.co<\/li>\n<li>Mecanismo para tramitar peticiones: V\u00eda correo electr\u00f3nico y comunicaci\u00f3n v\u00eda telef\u00f3nica, de la misma forma se tramitan el pago de las cuotas alimentarias.<\/li>\n<\/ul>\n<h2><strong>Juzgado 01 Civil Circuito &#8211; Boyac\u00e1 &#8211; Tunja<\/strong><\/h2>\n<ul>\n<li>Enlace de ventanilla o baranda virtual: No Dispuesto<\/li>\n<li>N\u00famero telef\u00f3nico: Por ahora solo se contaba con el n\u00famero fijo de la oficina, a m\u00e1s tardar ma\u00f1ana se definir\u00e1 un n\u00famero m\u00f3vil en caso tal que el 100% de la planta del juzgado entre en trabajo en casa.<\/li>\n<li>Url de micrositio. <a href=\"https:\/\/www.ramajudicial.gov.co\/web\/juzgado-01-civil-del-circuito-de-tunja\">https:\/\/www.ramajudicial.gov.co\/web\/juzgado-01-civil-del-circuito-de-tunja<\/a><\/li>\n<li>Direcci\u00f3n de correo electr\u00f3nico: j01cctotun@cendoj.ramajudicial.gov.co<\/li>\n<li>Mecanismo para tramitar peticiones: Mediante correo electr\u00f3nico.<\/li>\n<\/ul>\n\n<h2><strong>Juzgado 02 Familia Circuito &#8211; Boyac\u00e1 &#8211; Tunja <\/strong><\/h2>\n<ul>\n<li>Enlace de ventanilla o baranda virtual: No Dispuesto<\/li>\n<li>N\u00famero telef\u00f3nico: 3108753382 (Ventanilla) 3228185170 (Secretar\u00eda)<\/li>\n<li>Url de micrositio. <a href=\"https:\/\/www.ramajudicial.gov.co\/web\/juzgado-002-de-familia-de-tunja\/inicio\">https:\/\/www.ramajudicial.gov.co\/web\/juzgado-002-de-familia-de-tunja\/inicio <\/a><\/li>\n<li>Direcci\u00f3n de correo electr\u00f3nico : j02fctotun@cendoj.ramajudicial.gov.co<\/li>\n<li>Direcci\u00f3n de correo electr\u00f3nico T\u00edtulos Judiciales : mbalaguc@cendoj.ramajudicial.gov.co<\/li>\n<li>Mecanismo para tramitar peticiones: Mediante correo electr\u00f3nico.<\/li>\n<\/ul>","protected":false},"excerpt":{"rendered":"<p>Resoluci\u00f3n 045 del Tribunal Superior de Tunja, por medio de la cual se autoriza la modalidad de trabajo en casa a unos funcionarios judiciales Juzgado 03 Familia &#8211; Boyac\u00e1 &#8211; Tunja Enlace de ventanilla o baranda virtual: No Dispuesto N\u00famero telef\u00f3nico: 315 388 6671 llamadas\/WhatsApp Url de micrositio. https:\/\/www.ramajudicial.gov.co\/web\/juzgado-003-de-familia-de-tunja Direcci\u00f3n de correo electr\u00f3nico: j03fctotun@cendoj.ramajudicial.gov.co Mecanismo [&hellip;]<\/p>\n","protected":false},"author":1,"featured_media":0,"parent":0,"menu_order":0,"comment_status":"closed","ping_status":"closed","template":"","meta":{"_uag_custom_page_level_css":"","footnotes":""},"class_list":["post-235","page","type-page","status-publish","hentry","post"],"yoast_head":"<!-- This site is optimized with the Yoast SEO plugin v27.1.1 - https:\/\/yoast.com\/product\/yoast-seo-wordpress\/ -->\n<title>Canales Virtuales Juzgados Civiles y Familia de Tunja - Tribunal Superior del Distrito Judicial de Tunja<\/title>\n<meta name=\"robots\" content=\"index, follow, max-snippet:-1, max-image-preview:large, max-video-preview:-1\" \/>\n<link rel=\"canonical\" href=\"https:\/\/tribunalsuperiortunja.gov.co\/?page_id=235\" \/>\n<meta property=\"og:locale\" content=\"es_ES\" \/>\n<meta property=\"og:type\" content=\"article\" \/>\n<meta property=\"og:title\" content=\"Canales Virtuales Juzgados Civiles y Familia de Tunja - Tribunal Superior del Distrito Judicial de Tunja\" \/>\n<meta property=\"og:description\" content=\"Resoluci\u00f3n 045 del Tribunal Superior de Tunja, por medio de la cual se autoriza la modalidad de trabajo en casa a unos funcionarios judiciales Juzgado 03 Familia &#8211; Boyac\u00e1 &#8211; Tunja Enlace de ventanilla o baranda virtual: No Dispuesto N\u00famero telef\u00f3nico: 315 388 6671 llamadas\/WhatsApp Url de micrositio. https:\/\/www.ramajudicial.gov.co\/web\/juzgado-003-de-familia-de-tunja Direcci\u00f3n de correo electr\u00f3nico: j03fctotun@cendoj.ramajudicial.gov.co Mecanismo [&hellip;]\" \/>\n<meta property=\"og:url\" content=\"https:\/\/tribunalsuperiortunja.gov.co\/?page_id=235\" \/>\n<meta property=\"og:site_name\" content=\"Tribunal Superior del Distrito Judicial de Tunja\" \/>\n<meta property=\"article:modified_time\" content=\"2023-08-24T23:23:45+00:00\" \/>\n<meta property=\"og:image\" content=\"http:\/\/tribunalsuperiortunja.gov.co\/wp-content\/uploads\/2023\/04\/descarga.png\" \/>\n<meta name=\"twitter:card\" content=\"summary_large_image\" \/>\n<meta name=\"twitter:label1\" content=\"Tiempo de lectura\" \/>\n\t<meta name=\"twitter:data1\" content=\"2 minutos\" \/>\n<script type=\"application\/ld+json\" class=\"yoast-schema-graph\">{\"@context\":\"https:\/\/schema.org\",\"@graph\":[{\"@type\":\"WebPage\",\"@id\":\"https:\/\/tribunalsuperiortunja.gov.co\/?page_id=235\",\"url\":\"https:\/\/tribunalsuperiortunja.gov.co\/?page_id=235\",\"name\":\"Canales Virtuales Juzgados Civiles y Familia de Tunja - Tribunal Superior del Distrito Judicial de Tunja\",\"isPartOf\":{\"@id\":\"https:\/\/tribunalsuperiortunja.gov.co\/#website\"},\"primaryImageOfPage\":{\"@id\":\"https:\/\/tribunalsuperiortunja.gov.co\/?page_id=235#primaryimage\"},\"image\":{\"@id\":\"https:\/\/tribunalsuperiortunja.gov.co\/?page_id=235#primaryimage\"},\"thumbnailUrl\":\"http:\/\/tribunalsuperiortunja.gov.co\/wp-content\/uploads\/2023\/04\/descarga.png\",\"datePublished\":\"2023-08-23T20:32:13+00:00\",\"dateModified\":\"2023-08-24T23:23:45+00:00\",\"breadcrumb\":{\"@id\":\"https:\/\/tribunalsuperiortunja.gov.co\/?page_id=235#breadcrumb\"},\"inLanguage\":\"es\",\"potentialAction\":[{\"@type\":\"ReadAction\",\"target\":[\"https:\/\/tribunalsuperiortunja.gov.co\/?page_id=235\"]}]},{\"@type\":\"ImageObject\",\"inLanguage\":\"es\",\"@id\":\"https:\/\/tribunalsuperiortunja.gov.co\/?page_id=235#primaryimage\",\"url\":\"http:\/\/tribunalsuperiortunja.gov.co\/wp-content\/uploads\/2023\/04\/descarga.png\",\"contentUrl\":\"http:\/\/tribunalsuperiortunja.gov.co\/wp-content\/uploads\/2023\/04\/descarga.png\"},{\"@type\":\"BreadcrumbList\",\"@id\":\"https:\/\/tribunalsuperiortunja.gov.co\/?page_id=235#breadcrumb\",\"itemListElement\":[{\"@type\":\"ListItem\",\"position\":1,\"name\":\"Portada\",\"item\":\"https:\/\/tribunalsuperiortunja.gov.co\/\"},{\"@type\":\"ListItem\",\"position\":2,\"name\":\"Canales Virtuales Juzgados Civiles y Familia de Tunja\"}]},{\"@type\":\"WebSite\",\"@id\":\"https:\/\/tribunalsuperiortunja.gov.co\/#website\",\"url\":\"https:\/\/tribunalsuperiortunja.gov.co\/\",\"name\":\"Tribunal Superior del Distrito Judicial de Tunja\",\"description\":\"Tribunal Superior del Distrito Judicial de Tunja\",\"publisher\":{\"@id\":\"https:\/\/tribunalsuperiortunja.gov.co\/#organization\"},\"potentialAction\":[{\"@type\":\"SearchAction\",\"target\":{\"@type\":\"EntryPoint\",\"urlTemplate\":\"https:\/\/tribunalsuperiortunja.gov.co\/?s={search_term_string}\"},\"query-input\":{\"@type\":\"PropertyValueSpecification\",\"valueRequired\":true,\"valueName\":\"search_term_string\"}}],\"inLanguage\":\"es\"},{\"@type\":\"Organization\",\"@id\":\"https:\/\/tribunalsuperiortunja.gov.co\/#organization\",\"name\":\"Tribunal Superior del Distrito Judicial de Tunja\",\"url\":\"https:\/\/tribunalsuperiortunja.gov.co\/\",\"logo\":{\"@type\":\"ImageObject\",\"inLanguage\":\"es\",\"@id\":\"https:\/\/tribunalsuperiortunja.gov.co\/#\/schema\/logo\/image\/\",\"url\":\"https:\/\/tribunalsuperiortunja.gov.co\/wp-content\/uploads\/2023\/02\/cropped-tribunal-e1675886419375.png\",\"contentUrl\":\"https:\/\/tribunalsuperiortunja.gov.co\/wp-content\/uploads\/2023\/02\/cropped-tribunal-e1675886419375.png\",\"width\":100,\"height\":100,\"caption\":\"Tribunal Superior del Distrito Judicial de Tunja\"},\"image\":{\"@id\":\"https:\/\/tribunalsuperiortunja.gov.co\/#\/schema\/logo\/image\/\"}}]}<\/script>\n<!-- \/ Yoast SEO plugin. -->","yoast_head_json":{"title":"Canales Virtuales Juzgados Civiles y Familia de Tunja - Tribunal Superior del Distrito Judicial de Tunja","robots":{"index":"index","follow":"follow","max-snippet":"max-snippet:-1","max-image-preview":"max-image-preview:large","max-video-preview":"max-video-preview:-1"},"canonical":"https:\/\/tribunalsuperiortunja.gov.co\/?page_id=235","og_locale":"es_ES","og_type":"article","og_title":"Canales Virtuales Juzgados Civiles y Familia de Tunja - Tribunal Superior del Distrito Judicial de Tunja","og_description":"Resoluci\u00f3n 045 del Tribunal Superior de Tunja, por medio de la cual se autoriza la modalidad de trabajo en casa a unos funcionarios judiciales Juzgado 03 Familia &#8211; Boyac\u00e1 &#8211; Tunja Enlace de ventanilla o baranda virtual: No Dispuesto N\u00famero telef\u00f3nico: 315 388 6671 llamadas\/WhatsApp Url de micrositio. https:\/\/www.ramajudicial.gov.co\/web\/juzgado-003-de-familia-de-tunja Direcci\u00f3n de correo electr\u00f3nico: j03fctotun@cendoj.ramajudicial.gov.co Mecanismo [&hellip;]","og_url":"https:\/\/tribunalsuperiortunja.gov.co\/?page_id=235","og_site_name":"Tribunal Superior del Distrito Judicial de Tunja","article_modified_time":"2023-08-24T23:23:45+00:00","og_image":[{"url":"http:\/\/tribunalsuperiortunja.gov.co\/wp-content\/uploads\/2023\/04\/descarga.png","type":"","width":"","height":""}],"twitter_card":"summary_large_image","twitter_misc":{"Tiempo de lectura":"2 minutos"},"schema":{"@context":"https:\/\/schema.org","@graph":[{"@type":"WebPage","@id":"https:\/\/tribunalsuperiortunja.gov.co\/?page_id=235","url":"https:\/\/tribunalsuperiortunja.gov.co\/?page_id=235","name":"Canales Virtuales Juzgados Civiles y Familia de Tunja - Tribunal Superior del Distrito Judicial de Tunja","isPartOf":{"@id":"https:\/\/tribunalsuperiortunja.gov.co\/#website"},"primaryImageOfPage":{"@id":"https:\/\/tribunalsuperiortunja.gov.co\/?page_id=235#primaryimage"},"image":{"@id":"https:\/\/tribunalsuperiortunja.gov.co\/?page_id=235#primaryimage"},"thumbnailUrl":"http:\/\/tribunalsuperiortunja.gov.co\/wp-content\/uploads\/2023\/04\/descarga.png","datePublished":"2023-08-23T20:32:13+00:00","dateModified":"2023-08-24T23:23:45+00:00","breadcrumb":{"@id":"https:\/\/tribunalsuperiortunja.gov.co\/?page_id=235#breadcrumb"},"inLanguage":"es","potentialAction":[{"@type":"ReadAction","target":["https:\/\/tribunalsuperiortunja.gov.co\/?page_id=235"]}]},{"@type":"ImageObject","inLanguage":"es","@id":"https:\/\/tribunalsuperiortunja.gov.co\/?page_id=235#primaryimage","url":"http:\/\/tribunalsuperiortunja.gov.co\/wp-content\/uploads\/2023\/04\/descarga.png","contentUrl":"http:\/\/tribunalsuperiortunja.gov.co\/wp-content\/uploads\/2023\/04\/descarga.png"},{"@type":"BreadcrumbList","@id":"https:\/\/tribunalsuperiortunja.gov.co\/?page_id=235#breadcrumb","itemListElement":[{"@type":"ListItem","position":1,"name":"Portada","item":"https:\/\/tribunalsuperiortunja.gov.co\/"},{"@type":"ListItem","position":2,"name":"Canales Virtuales Juzgados Civiles y Familia de Tunja"}]},{"@type":"WebSite","@id":"https:\/\/tribunalsuperiortunja.gov.co\/#website","url":"https:\/\/tribunalsuperiortunja.gov.co\/","name":"Tribunal Superior del Distrito Judicial de Tunja","description":"Tribunal Superior del Distrito Judicial de Tunja","publisher":{"@id":"https:\/\/tribunalsuperiortunja.gov.co\/#organization"},"potentialAction":[{"@type":"SearchAction","target":{"@type":"EntryPoint","urlTemplate":"https:\/\/tribunalsuperiortunja.gov.co\/?s={search_term_string}"},"query-input":{"@type":"PropertyValueSpecification","valueRequired":true,"valueName":"search_term_string"}}],"inLanguage":"es"},{"@type":"Organization","@id":"https:\/\/tribunalsuperiortunja.gov.co\/#organization","name":"Tribunal Superior del Distrito Judicial de Tunja","url":"https:\/\/tribunalsuperiortunja.gov.co\/","logo":{"@type":"ImageObject","inLanguage":"es","@id":"https:\/\/tribunalsuperiortunja.gov.co\/#\/schema\/logo\/image\/","url":"https:\/\/tribunalsuperiortunja.gov.co\/wp-content\/uploads\/2023\/02\/cropped-tribunal-e1675886419375.png","contentUrl":"https:\/\/tribunalsuperiortunja.gov.co\/wp-content\/uploads\/2023\/02\/cropped-tribunal-e1675886419375.png","width":100,"height":100,"caption":"Tribunal Superior del Distrito Judicial de Tunja"},"image":{"@id":"https:\/\/tribunalsuperiortunja.gov.co\/#\/schema\/logo\/image\/"}}]}},"uagb_featured_image_src":{"full":false,"thumbnail":false,"medium":false,"medium_large":false,"large":false,"1536x1536":false,"2048x2048":false,"post-thumbnail":false,"vantage-thumbnail-no-sidebar":false,"vantage-slide":false,"vantage-carousel":false,"vantage-grid-loop":false},"uagb_author_info":{"display_name":"tunjasoporte","author_link":"https:\/\/tribunalsuperiortunja.gov.co\/?author=1"},"uagb_comment_info":0,"uagb_excerpt":"Resoluci\u00f3n 045 del Tribunal Superior de Tunja, por medio de la cual se autoriza la modalidad de trabajo en casa a unos funcionarios judiciales Juzgado 03 Familia &#8211; Boyac\u00e1 &#8211; Tunja Enlace de ventanilla o baranda virtual: No Dispuesto N\u00famero telef\u00f3nico: 315 388 6671 llamadas\/WhatsApp Url de micrositio. https:\/\/www.ramajudicial.gov.co\/web\/juzgado-003-de-familia-de-tunja Direcci\u00f3n de correo electr\u00f3nico: j03fctotun@cendoj.ramajudicial.gov.co Mecanismo&hellip;","rttpg_featured_image_url":null,"rttpg_author":{"display_name":"tunjasoporte","author_link":"https:\/\/tribunalsuperiortunja.gov.co\/?author=1"},"rttpg_comment":0,"rttpg_category":null,"rttpg_excerpt":"Resoluci\u00f3n 045 del Tribunal Superior de Tunja, por medio de la cual se autoriza la modalidad de trabajo en casa a unos funcionarios judiciales Juzgado 03 Familia &#8211; Boyac\u00e1 &#8211; Tunja Enlace de ventanilla o baranda virtual: No Dispuesto N\u00famero telef\u00f3nico: 315 388 6671 llamadas\/WhatsApp Url de micrositio. https:\/\/www.ramajudicial.gov.co\/web\/juzgado-003-de-familia-de-tunja Direcci\u00f3n de correo electr\u00f3nico: j03fctotun@cendoj.ramajudicial.gov.co Mecanismo&hellip;","_links":{"self":[{"href":"https:\/\/tribunalsuperiortunja.gov.co\/index.php?rest_route=\/wp\/v2\/pages\/235","targetHints":{"allow":["GET"]}}],"collection":[{"href":"https:\/\/tribunalsuperiortunja.gov.co\/index.php?rest_route=\/wp\/v2\/pages"}],"about":[{"href":"https:\/\/tribunalsuperiortunja.gov.co\/index.php?rest_route=\/wp\/v2\/types\/page"}],"author":[{"embeddable":true,"href":"https:\/\/tribunalsuperiortunja.gov.co\/index.php?rest_route=\/wp\/v2\/users\/1"}],"replies":[{"embeddable":true,"href":"https:\/\/tribunalsuperiortunja.gov.co\/index.php?rest_route=%2Fwp%2Fv2%2Fcomments&post=235"}],"version-history":[{"count":9,"href":"https:\/\/tribunalsuperiortunja.gov.co\/index.php?rest_route=\/wp\/v2\/pages\/235\/revisions"}],"predecessor-version":[{"id":255,"href":"https:\/\/tribunalsuperiortunja.gov.co\/index.php?rest_route=\/wp\/v2\/pages\/235\/revisions\/255"}],"wp:attachment":[{"href":"https:\/\/tribunalsuperiortunja.gov.co\/index.php?rest_route=%2Fwp%2Fv2%2Fmedia&parent=235"}],"curies":[{"name":"wp","href":"https:\/\/api.w.org\/{rel}","templated":true}]}}