{"id":388,"date":"2023-12-15T11:36:42","date_gmt":"2023-12-15T16:36:42","guid":{"rendered":"https:\/\/tribunalsuperiortunja.gov.co\/?page_id=388"},"modified":"2024-01-30T10:09:49","modified_gmt":"2024-01-30T15:09:49","slug":"contactenos","status":"publish","type":"page","link":"https:\/\/tribunalsuperiortunja.gov.co\/?page_id=388","title":{"rendered":"Cont\u00e1ctenos"},"content":{"rendered":"<div class=\"wp-block-image is-style-rounded\">\n<figure class=\"aligncenter size-large is-resized\"><img loading=\"lazy\" decoding=\"async\" src=\"https:\/\/tribunalsuperiortunja.gov.co\/wp-content\/uploads\/2023\/02\/fondo4-1024x575.jpg\" alt=\"\" class=\"wp-image-30\" width=\"844\" height=\"473\" srcset=\"https:\/\/tribunalsuperiortunja.gov.co\/wp-content\/uploads\/2023\/02\/fondo4-1024x575.jpg 1024w, https:\/\/tribunalsuperiortunja.gov.co\/wp-content\/uploads\/2023\/02\/fondo4-300x168.jpg 300w, https:\/\/tribunalsuperiortunja.gov.co\/wp-content\/uploads\/2023\/02\/fondo4-768x431.jpg 768w, https:\/\/tribunalsuperiortunja.gov.co\/wp-content\/uploads\/2023\/02\/fondo4.jpg 1396w\" sizes=\"auto, (max-width: 844px) 100vw, 844px\" \/><\/figure><\/div>\n\n\n<p class=\"has-medium-font-size\">Ubicaci\u00f3n: Palacio de Justicia de Tunja, Carrera 9 No. 20 &#8211; 62 Pisos 3 y 4<\/p>\n\n\n\n<p class=\"has-medium-font-size\">Horario de atenci\u00f3n: de lunes a viernes de 8:00a.m.  a 12:00p.m. y de 1:00p.m. a 5:00p.m.<\/p>\n\n\n\n<hr class=\"wp-block-separator has-alpha-channel-opacity\"\/>\n\n\n\n<p class=\"has-large-font-size\">Secretar\u00eda Sala Laboral<\/p>\n\n\n\n<div class=\"wp-block-group\"><div class=\"wp-block-group__inner-container is-layout-constrained wp-block-group-is-layout-constrained\">\n<div class=\"wp-block-columns is-layout-flex wp-container-core-columns-is-layout-9d6595d7 wp-block-columns-is-layout-flex\">\n<div class=\"wp-block-column is-layout-flow wp-block-column-is-layout-flow\">\n<div class=\"wp-block-group is-nowrap is-layout-flex wp-container-core-group-is-layout-ad2f72ca wp-block-group-is-layout-flex\">\n<figure class=\"wp-block-image size-full\"><a href=\"mailto:secsltstun@cendoj.ramajudicial.gov.co\"><img loading=\"lazy\" decoding=\"async\" width=\"553\" height=\"152\" src=\"https:\/\/tribunalsuperiortunja.gov.co\/wp-content\/uploads\/2023\/12\/image.png\" alt=\"\" class=\"wp-image-389\" srcset=\"https:\/\/tribunalsuperiortunja.gov.co\/wp-content\/uploads\/2023\/12\/image.png 553w, https:\/\/tribunalsuperiortunja.gov.co\/wp-content\/uploads\/2023\/12\/image-300x82.png 300w\" sizes=\"auto, (max-width: 553px) 100vw, 553px\" \/><\/a><\/figure>\n\n\n\n<figure class=\"wp-block-image size-full is-style-rounded\"><a href=\"https:\/\/teams.microsoft.com\/l\/meetup-join\/19%3ad74089beb6f54799b7061533de1b8ea2%40thread.tacv2\/1626985903382?context=%7b%22Tid%22%3a%22622cba98-80f8-41f3-8df5-8eb99901598b%22%2c%22Oid%22%3a%22026f140a-8a99-48c2-887e-1458ab122cc0%22%7d\"><img loading=\"lazy\" decoding=\"async\" width=\"254\" height=\"148\" src=\"https:\/\/tribunalsuperiortunja.gov.co\/wp-content\/uploads\/2023\/12\/image-4.png\" alt=\"\" class=\"wp-image-405\"\/><\/a><figcaption class=\"wp-element-caption\"><a href=\"https:\/\/teams.microsoft.com\/l\/meetup-join\/19%3ad74089beb6f54799b7061533de1b8ea2%40thread.tacv2\/1626985903382?context=%7b%22Tid%22%3a%22622cba98-80f8-41f3-8df5-8eb99901598b%22%2c%22Oid%22%3a%22026f140a-8a99-48c2-887e-1458ab122cc0%22%7d\">Haga clic para comunicarse con un Servidor Judicial<\/a><\/figcaption><\/figure>\n<\/div>\n<\/div>\n<\/div>\n<\/div><\/div>\n\n\n\n<hr class=\"wp-block-separator has-alpha-channel-opacity\"\/>\n\n\n\n<p class=\"has-large-font-size\">Secretar\u00eda Sala Civil &#8211; Familia<\/p>\n\n\n\n<figure class=\"wp-block-image size-full\"><a href=\"mailto:sscftstun@cendoj.ramajudicial.gov.co\"><img loading=\"lazy\" decoding=\"async\" width=\"529\" height=\"155\" src=\"https:\/\/tribunalsuperiortunja.gov.co\/wp-content\/uploads\/2023\/12\/image-1.png\" alt=\"\" class=\"wp-image-394\" srcset=\"https:\/\/tribunalsuperiortunja.gov.co\/wp-content\/uploads\/2023\/12\/image-1.png 529w, https:\/\/tribunalsuperiortunja.gov.co\/wp-content\/uploads\/2023\/12\/image-1-300x88.png 300w\" sizes=\"auto, (max-width: 529px) 100vw, 529px\" \/><\/a><\/figure>\n\n\n\n<hr class=\"wp-block-separator has-alpha-channel-opacity\"\/>\n\n\n\n<p class=\"has-large-font-size\">Secretar\u00eda Sala Penal<\/p>\n\n\n\n<figure class=\"wp-block-image size-full\"><a href=\"mailto:secsptstun@cendoj.ramajudicial.gov.co\"><img loading=\"lazy\" decoding=\"async\" width=\"521\" height=\"139\" src=\"https:\/\/tribunalsuperiortunja.gov.co\/wp-content\/uploads\/2023\/12\/image-2.png\" alt=\"\" class=\"wp-image-398\" srcset=\"https:\/\/tribunalsuperiortunja.gov.co\/wp-content\/uploads\/2023\/12\/image-2.png 521w, https:\/\/tribunalsuperiortunja.gov.co\/wp-content\/uploads\/2023\/12\/image-2-300x80.png 300w\" sizes=\"auto, (max-width: 521px) 100vw, 521px\" \/><\/a><\/figure>\n\n\n\n<hr class=\"wp-block-separator has-alpha-channel-opacity\"\/>\n\n\n\n<p class=\"has-large-font-size\">Presidencia Tribunal Superior de Tunja<\/p>\n\n\n\n<figure class=\"wp-block-image size-full\"><a href=\"mailto:ptribstun@cendoj.ramajudicial.gov.co\"><img loading=\"lazy\" decoding=\"async\" width=\"589\" height=\"122\" src=\"https:\/\/tribunalsuperiortunja.gov.co\/wp-content\/uploads\/2023\/12\/image-3.png\" alt=\"\" class=\"wp-image-401\" srcset=\"https:\/\/tribunalsuperiortunja.gov.co\/wp-content\/uploads\/2023\/12\/image-3.png 589w, https:\/\/tribunalsuperiortunja.gov.co\/wp-content\/uploads\/2023\/12\/image-3-300x62.png 300w\" sizes=\"auto, (max-width: 589px) 100vw, 589px\" \/><\/a><\/figure>\n\n\n<div id=\"wpgmza_map\" class=\"wpgmza_map\" data-settings='{\"id\":\"1\",\"map_title\":\"Mi primer mapa\",\"map_width\":\"100\",\"map_height\":\"400\",\"map_start_lat\":\"5.533301\",\"map_start_lng\":\"-73.360717\",\"map_start_location\":\"45.950464398418106,-109.81550500000003\",\"map_start_zoom\":\"19\",\"default_marker\":\"\",\"type\":\"1\",\"alignment\":\"4\",\"directions_enabled\":\"0\",\"styling_enabled\":\"0\",\"styling_json\":\"\",\"active\":\"0\",\"kml\":\"\",\"bicycle\":\"0\",\"traffic\":\"0\",\"dbox\":\"0\",\"dbox_width\":\"\",\"listmarkers\":\"0\",\"listmarkers_advanced\":\"0\",\"filterbycat\":\"0\",\"ugm_enabled\":\"0\",\"ugm_category_enabled\":\"0\",\"fusion\":\"\",\"map_width_type\":\"%\",\"map_height_type\":\"px\",\"mass_marker_support\":\"0\",\"ugm_access\":\"0\",\"order_markers_by\":\"0\",\"order_markers_choice\":\"0\",\"show_user_location\":\"0\",\"default_to\":\"\",\"other_settings\":{\"map_type\":1,\"sl_stroke_color\":\"\",\"sl_fill_color\":\"\",\"sl_stroke_opacity\":\"\",\"sl_fill_opacity\":\"\",\"transport_layer\":false,\"action\":\"wpgmza_save_map\",\"redirect_to\":\"\\\/wp-admin\\\/admin-post.php\",\"map_id\":\"1\",\"http_referer\":\"\\\/wp-admin\\\/admin.php?page=wp-google-maps-menu&amp;amp;action=edit&amp;amp;map_id=1\",\"wpgmza_id\":\"1\",\"wpgmza_start_location\":\"5.533301,-73.360717\",\"wpgmza_start_zoom\":\"19\",\"wpgmza_theme_data\":\"\",\"store_locator_enabled\":false,\"store_locator_search_area\":\"radial\",\"wpgmza_store_locator_radius_style\":\"legacy\",\"wpgmza_store_locator_default_radius\":\"10\",\"store_locator_auto_area_max_zoom\":\"\",\"store_locator_distance\":false,\"wpgmza_store_locator_position\":false,\"store_locator_show_distance\":false,\"store_locator_category\":false,\"wpgmza_store_locator_use_their_location\":false,\"wpgmza_store_locator_bounce\":false,\"wpgmza_sl_animation\":null,\"wpgmza_store_locator_hide_before_search\":false,\"store_locator_query_string\":\"\",\"store_locator_location_placeholder\":\"\",\"store_locator_default_address\":\"\",\"store_locator_name_search\":false,\"store_locator_name_string\":\"\",\"store_locator_not_found_message\":\"\",\"wpgmza_map_align\":\"1\",\"jump_to_nearest_marker_on_initialization\":false,\"automatically_pan_to_users_location\":false,\"override_users_location_zoom_level\":false,\"override_users_location_zoom_levels\":\"\",\"show_distance_from_location\":false,\"map_max_zoom\":\"21\",\"map_min_zoom\":\"0\",\"click_open_link\":false,\"fit_maps_bounds_to_markers\":false,\"fit_maps_bounds_to_markers_after_filtering\":false,\"hide_point_of_interest\":false,\"wpgmza_zoom_on_marker_click\":false,\"wpgmza_zoom_on_marker_click_slider\":\"\",\"close_infowindow_on_map_click\":false,\"disable_lightbox_images\":false,\"use_Raw_Jpeg_Coordinates\":false,\"polygon_labels\":false,\"disable_polygon_info_windows\":false,\"enable_marker_ratings\":false,\"only_load_markers_within_viewport\":false,\"iw_primary_color\":\"#000000\",\"iw_accent_color\":\"#000000\",\"iw_text_color\":\"#000000\",\"wpgmza_listmarkers_by\":\"0\",\"wpgmza_marker_listing_position\":false,\"wpgmza_push_in_map\":false,\"wpgmza_push_in_map_placement\":null,\"wpgmza_push_in_map_width\":\"\",\"wpgmza_push_in_map_height\":\"\",\"zoom_level_on_marker_listing_override\":false,\"zoom_level_on_marker_listing_click\":\"\",\"marker_listing_disable_zoom\":false,\"datatable_no_result_message\":\"\",\"remove_search_box_datables\":false,\"dataTable_pagination_style\":null,\"datatable_search_string\":\"\",\"datatable_result_start\":\"\",\"datatable_result_of\":\"\",\"datatable_result_to\":\"\",\"datatable_result_total\":\"\",\"datatable_result_show\":\"\",\"datatable_result_entries\":\"\",\"wpgmza_savemap\":\"Guardar Mapa \\u00bb\"}}' data-map-id='1' Data-maps-engine='google-maps' data-shortcode-attributes='{\"id\":\"1\"}' style=\"display:block; overflow:auto; width:100%; height:400px; float:left;\"><\/div>\n","protected":false},"excerpt":{"rendered":"<p>Ubicaci\u00f3n: Palacio de Justicia de Tunja, Carrera 9 No. 20 &#8211; 62 Pisos 3 y 4 Horario de atenci\u00f3n: de lunes a viernes de 8:00a.m. a 12:00p.m. y de 1:00p.m. a 5:00p.m. Secretar\u00eda Sala Laboral Secretar\u00eda Sala Civil &#8211; Familia Secretar\u00eda Sala Penal Presidencia Tribunal Superior de Tunja<\/p>\n","protected":false},"author":1,"featured_media":0,"parent":0,"menu_order":0,"comment_status":"closed","ping_status":"closed","template":"","meta":{"_uag_custom_page_level_css":"","footnotes":""},"class_list":["post-388","page","type-page","status-publish","hentry","post"],"yoast_head":"<!-- This site is optimized with the Yoast SEO plugin v27.1.1 - https:\/\/yoast.com\/product\/yoast-seo-wordpress\/ -->\n<title>Cont\u00e1ctenos - Tribunal Superior del Distrito Judicial de Tunja<\/title>\n<meta name=\"robots\" content=\"index, follow, max-snippet:-1, max-image-preview:large, max-video-preview:-1\" \/>\n<link rel=\"canonical\" href=\"https:\/\/tribunalsuperiortunja.gov.co\/?page_id=388\" \/>\n<meta property=\"og:locale\" content=\"es_ES\" \/>\n<meta property=\"og:type\" content=\"article\" \/>\n<meta property=\"og:title\" content=\"Cont\u00e1ctenos - Tribunal Superior del Distrito Judicial de Tunja\" \/>\n<meta property=\"og:description\" content=\"Ubicaci\u00f3n: Palacio de Justicia de Tunja, Carrera 9 No. 20 &#8211; 62 Pisos 3 y 4 Horario de atenci\u00f3n: de lunes a viernes de 8:00a.m. a 12:00p.m. y de 1:00p.m. a 5:00p.m. Secretar\u00eda Sala Laboral Secretar\u00eda Sala Civil &#8211; Familia Secretar\u00eda Sala Penal Presidencia Tribunal Superior de Tunja\" \/>\n<meta property=\"og:url\" content=\"https:\/\/tribunalsuperiortunja.gov.co\/?page_id=388\" \/>\n<meta property=\"og:site_name\" content=\"Tribunal Superior del Distrito Judicial de Tunja\" \/>\n<meta property=\"article:modified_time\" content=\"2024-01-30T15:09:49+00:00\" \/>\n<meta property=\"og:image\" content=\"https:\/\/tribunalsuperiortunja.gov.co\/wp-content\/uploads\/2023\/02\/fondo4-1024x575.jpg\" \/>\n<meta name=\"twitter:card\" content=\"summary_large_image\" \/>\n<meta name=\"twitter:label1\" content=\"Tiempo de lectura\" \/>\n\t<meta name=\"twitter:data1\" content=\"2 minutos\" \/>\n<script type=\"application\/ld+json\" class=\"yoast-schema-graph\">{\"@context\":\"https:\/\/schema.org\",\"@graph\":[{\"@type\":\"WebPage\",\"@id\":\"https:\/\/tribunalsuperiortunja.gov.co\/?page_id=388\",\"url\":\"https:\/\/tribunalsuperiortunja.gov.co\/?page_id=388\",\"name\":\"Cont\u00e1ctenos - Tribunal Superior del Distrito Judicial de Tunja\",\"isPartOf\":{\"@id\":\"https:\/\/tribunalsuperiortunja.gov.co\/#website\"},\"primaryImageOfPage\":{\"@id\":\"https:\/\/tribunalsuperiortunja.gov.co\/?page_id=388#primaryimage\"},\"image\":{\"@id\":\"https:\/\/tribunalsuperiortunja.gov.co\/?page_id=388#primaryimage\"},\"thumbnailUrl\":\"https:\/\/tribunalsuperiortunja.gov.co\/wp-content\/uploads\/2023\/02\/fondo4-1024x575.jpg\",\"datePublished\":\"2023-12-15T16:36:42+00:00\",\"dateModified\":\"2024-01-30T15:09:49+00:00\",\"breadcrumb\":{\"@id\":\"https:\/\/tribunalsuperiortunja.gov.co\/?page_id=388#breadcrumb\"},\"inLanguage\":\"es\",\"potentialAction\":[{\"@type\":\"ReadAction\",\"target\":[\"https:\/\/tribunalsuperiortunja.gov.co\/?page_id=388\"]}]},{\"@type\":\"ImageObject\",\"inLanguage\":\"es\",\"@id\":\"https:\/\/tribunalsuperiortunja.gov.co\/?page_id=388#primaryimage\",\"url\":\"https:\/\/tribunalsuperiortunja.gov.co\/wp-content\/uploads\/2023\/02\/fondo4.jpg\",\"contentUrl\":\"https:\/\/tribunalsuperiortunja.gov.co\/wp-content\/uploads\/2023\/02\/fondo4.jpg\",\"width\":1396,\"height\":784},{\"@type\":\"BreadcrumbList\",\"@id\":\"https:\/\/tribunalsuperiortunja.gov.co\/?page_id=388#breadcrumb\",\"itemListElement\":[{\"@type\":\"ListItem\",\"position\":1,\"name\":\"Portada\",\"item\":\"https:\/\/tribunalsuperiortunja.gov.co\/\"},{\"@type\":\"ListItem\",\"position\":2,\"name\":\"Cont\u00e1ctenos\"}]},{\"@type\":\"WebSite\",\"@id\":\"https:\/\/tribunalsuperiortunja.gov.co\/#website\",\"url\":\"https:\/\/tribunalsuperiortunja.gov.co\/\",\"name\":\"Tribunal Superior del Distrito Judicial de Tunja\",\"description\":\"Tribunal Superior del Distrito Judicial de Tunja\",\"publisher\":{\"@id\":\"https:\/\/tribunalsuperiortunja.gov.co\/#organization\"},\"potentialAction\":[{\"@type\":\"SearchAction\",\"target\":{\"@type\":\"EntryPoint\",\"urlTemplate\":\"https:\/\/tribunalsuperiortunja.gov.co\/?s={search_term_string}\"},\"query-input\":{\"@type\":\"PropertyValueSpecification\",\"valueRequired\":true,\"valueName\":\"search_term_string\"}}],\"inLanguage\":\"es\"},{\"@type\":\"Organization\",\"@id\":\"https:\/\/tribunalsuperiortunja.gov.co\/#organization\",\"name\":\"Tribunal Superior del Distrito Judicial de Tunja\",\"url\":\"https:\/\/tribunalsuperiortunja.gov.co\/\",\"logo\":{\"@type\":\"ImageObject\",\"inLanguage\":\"es\",\"@id\":\"https:\/\/tribunalsuperiortunja.gov.co\/#\/schema\/logo\/image\/\",\"url\":\"https:\/\/tribunalsuperiortunja.gov.co\/wp-content\/uploads\/2023\/02\/cropped-tribunal-e1675886419375.png\",\"contentUrl\":\"https:\/\/tribunalsuperiortunja.gov.co\/wp-content\/uploads\/2023\/02\/cropped-tribunal-e1675886419375.png\",\"width\":100,\"height\":100,\"caption\":\"Tribunal Superior del Distrito Judicial de Tunja\"},\"image\":{\"@id\":\"https:\/\/tribunalsuperiortunja.gov.co\/#\/schema\/logo\/image\/\"}}]}<\/script>\n<!-- \/ Yoast SEO plugin. -->","yoast_head_json":{"title":"Cont\u00e1ctenos - Tribunal Superior del Distrito Judicial de Tunja","robots":{"index":"index","follow":"follow","max-snippet":"max-snippet:-1","max-image-preview":"max-image-preview:large","max-video-preview":"max-video-preview:-1"},"canonical":"https:\/\/tribunalsuperiortunja.gov.co\/?page_id=388","og_locale":"es_ES","og_type":"article","og_title":"Cont\u00e1ctenos - Tribunal Superior del Distrito Judicial de Tunja","og_description":"Ubicaci\u00f3n: Palacio de Justicia de Tunja, Carrera 9 No. 20 &#8211; 62 Pisos 3 y 4 Horario de atenci\u00f3n: de lunes a viernes de 8:00a.m. a 12:00p.m. y de 1:00p.m. a 5:00p.m. Secretar\u00eda Sala Laboral Secretar\u00eda Sala Civil &#8211; Familia Secretar\u00eda Sala Penal Presidencia Tribunal Superior de Tunja","og_url":"https:\/\/tribunalsuperiortunja.gov.co\/?page_id=388","og_site_name":"Tribunal Superior del Distrito Judicial de Tunja","article_modified_time":"2024-01-30T15:09:49+00:00","og_image":[{"url":"https:\/\/tribunalsuperiortunja.gov.co\/wp-content\/uploads\/2023\/02\/fondo4-1024x575.jpg","type":"","width":"","height":""}],"twitter_card":"summary_large_image","twitter_misc":{"Tiempo de lectura":"2 minutos"},"schema":{"@context":"https:\/\/schema.org","@graph":[{"@type":"WebPage","@id":"https:\/\/tribunalsuperiortunja.gov.co\/?page_id=388","url":"https:\/\/tribunalsuperiortunja.gov.co\/?page_id=388","name":"Cont\u00e1ctenos - Tribunal Superior del Distrito Judicial de Tunja","isPartOf":{"@id":"https:\/\/tribunalsuperiortunja.gov.co\/#website"},"primaryImageOfPage":{"@id":"https:\/\/tribunalsuperiortunja.gov.co\/?page_id=388#primaryimage"},"image":{"@id":"https:\/\/tribunalsuperiortunja.gov.co\/?page_id=388#primaryimage"},"thumbnailUrl":"https:\/\/tribunalsuperiortunja.gov.co\/wp-content\/uploads\/2023\/02\/fondo4-1024x575.jpg","datePublished":"2023-12-15T16:36:42+00:00","dateModified":"2024-01-30T15:09:49+00:00","breadcrumb":{"@id":"https:\/\/tribunalsuperiortunja.gov.co\/?page_id=388#breadcrumb"},"inLanguage":"es","potentialAction":[{"@type":"ReadAction","target":["https:\/\/tribunalsuperiortunja.gov.co\/?page_id=388"]}]},{"@type":"ImageObject","inLanguage":"es","@id":"https:\/\/tribunalsuperiortunja.gov.co\/?page_id=388#primaryimage","url":"https:\/\/tribunalsuperiortunja.gov.co\/wp-content\/uploads\/2023\/02\/fondo4.jpg","contentUrl":"https:\/\/tribunalsuperiortunja.gov.co\/wp-content\/uploads\/2023\/02\/fondo4.jpg","width":1396,"height":784},{"@type":"BreadcrumbList","@id":"https:\/\/tribunalsuperiortunja.gov.co\/?page_id=388#breadcrumb","itemListElement":[{"@type":"ListItem","position":1,"name":"Portada","item":"https:\/\/tribunalsuperiortunja.gov.co\/"},{"@type":"ListItem","position":2,"name":"Cont\u00e1ctenos"}]},{"@type":"WebSite","@id":"https:\/\/tribunalsuperiortunja.gov.co\/#website","url":"https:\/\/tribunalsuperiortunja.gov.co\/","name":"Tribunal Superior del Distrito Judicial de Tunja","description":"Tribunal Superior del Distrito Judicial de Tunja","publisher":{"@id":"https:\/\/tribunalsuperiortunja.gov.co\/#organization"},"potentialAction":[{"@type":"SearchAction","target":{"@type":"EntryPoint","urlTemplate":"https:\/\/tribunalsuperiortunja.gov.co\/?s={search_term_string}"},"query-input":{"@type":"PropertyValueSpecification","valueRequired":true,"valueName":"search_term_string"}}],"inLanguage":"es"},{"@type":"Organization","@id":"https:\/\/tribunalsuperiortunja.gov.co\/#organization","name":"Tribunal Superior del Distrito Judicial de Tunja","url":"https:\/\/tribunalsuperiortunja.gov.co\/","logo":{"@type":"ImageObject","inLanguage":"es","@id":"https:\/\/tribunalsuperiortunja.gov.co\/#\/schema\/logo\/image\/","url":"https:\/\/tribunalsuperiortunja.gov.co\/wp-content\/uploads\/2023\/02\/cropped-tribunal-e1675886419375.png","contentUrl":"https:\/\/tribunalsuperiortunja.gov.co\/wp-content\/uploads\/2023\/02\/cropped-tribunal-e1675886419375.png","width":100,"height":100,"caption":"Tribunal Superior del Distrito Judicial de Tunja"},"image":{"@id":"https:\/\/tribunalsuperiortunja.gov.co\/#\/schema\/logo\/image\/"}}]}},"uagb_featured_image_src":{"full":false,"thumbnail":false,"medium":false,"medium_large":false,"large":false,"1536x1536":false,"2048x2048":false,"post-thumbnail":false,"vantage-thumbnail-no-sidebar":false,"vantage-slide":false,"vantage-carousel":false,"vantage-grid-loop":false},"uagb_author_info":{"display_name":"tunjasoporte","author_link":"https:\/\/tribunalsuperiortunja.gov.co\/?author=1"},"uagb_comment_info":0,"uagb_excerpt":"Ubicaci\u00f3n: Palacio de Justicia de Tunja, Carrera 9 No. 20 &#8211; 62 Pisos 3 y 4 Horario de atenci\u00f3n: de lunes a viernes de 8:00a.m. a 12:00p.m. y de 1:00p.m. a 5:00p.m. Secretar\u00eda Sala Laboral Secretar\u00eda Sala Civil &#8211; Familia Secretar\u00eda Sala Penal Presidencia Tribunal Superior de Tunja","rttpg_featured_image_url":null,"rttpg_author":{"display_name":"tunjasoporte","author_link":"https:\/\/tribunalsuperiortunja.gov.co\/?author=1"},"rttpg_comment":0,"rttpg_category":null,"rttpg_excerpt":"Ubicaci\u00f3n: Palacio de Justicia de Tunja, Carrera 9 No. 20 &#8211; 62 Pisos 3 y 4 Horario de atenci\u00f3n: de lunes a viernes de 8:00a.m. a 12:00p.m. y de 1:00p.m. a 5:00p.m. Secretar\u00eda Sala Laboral Secretar\u00eda Sala Civil &#8211; Familia Secretar\u00eda Sala Penal Presidencia Tribunal Superior de Tunja","_links":{"self":[{"href":"https:\/\/tribunalsuperiortunja.gov.co\/index.php?rest_route=\/wp\/v2\/pages\/388","targetHints":{"allow":["GET"]}}],"collection":[{"href":"https:\/\/tribunalsuperiortunja.gov.co\/index.php?rest_route=\/wp\/v2\/pages"}],"about":[{"href":"https:\/\/tribunalsuperiortunja.gov.co\/index.php?rest_route=\/wp\/v2\/types\/page"}],"author":[{"embeddable":true,"href":"https:\/\/tribunalsuperiortunja.gov.co\/index.php?rest_route=\/wp\/v2\/users\/1"}],"replies":[{"embeddable":true,"href":"https:\/\/tribunalsuperiortunja.gov.co\/index.php?rest_route=%2Fwp%2Fv2%2Fcomments&post=388"}],"version-history":[{"count":17,"href":"https:\/\/tribunalsuperiortunja.gov.co\/index.php?rest_route=\/wp\/v2\/pages\/388\/revisions"}],"predecessor-version":[{"id":461,"href":"https:\/\/tribunalsuperiortunja.gov.co\/index.php?rest_route=\/wp\/v2\/pages\/388\/revisions\/461"}],"wp:attachment":[{"href":"https:\/\/tribunalsuperiortunja.gov.co\/index.php?rest_route=%2Fwp%2Fv2%2Fmedia&parent=388"}],"curies":[{"name":"wp","href":"https:\/\/api.w.org\/{rel}","templated":true}]}}