{"id":552,"date":"2024-03-01T14:08:13","date_gmt":"2024-03-01T19:08:13","guid":{"rendered":"https:\/\/tribunalsuperiortunja.gov.co\/?page_id=552"},"modified":"2024-05-30T08:17:00","modified_gmt":"2024-05-30T13:17:00","slug":"teletrabajo-2024","status":"publish","type":"page","link":"https:\/\/tribunalsuperiortunja.gov.co\/?page_id=552","title":{"rendered":"Teletrabajo 2024"},"content":{"rendered":"\n<figure class=\"wp-block-table\"><table><tbody><tr><td class=\"has-text-align-center\" data-align=\"center\"><img decoding=\"async\" src=\"https:\/\/tribunalsuperiortunja.gov.co\/wp-content\/uploads\/2024\/03\/Reglamento.png\" alt=\"\" style=\"width: 300px;\"><\/td><td><a href=\"https:\/\/tribunalsuperiortunja.gov.co\/wp-content\/uploads\/2024\/03\/006.-Acuerdo-PCSJA24-12151-reglamentario.pdf\" target=\"_blank\" rel=\"noreferrer noopener\">Acuerdo PCSJA24-12151<\/a><br><br><a href=\"https:\/\/tribunalsuperiortunja.gov.co\/wp-content\/uploads\/2024\/03\/007.-Anexo-del-Acuerdo-PCSJA24-12151.pdf\" target=\"_blank\" rel=\"noreferrer noopener\">Anexo del Acuerdo PCSJA24-12151<\/a><\/td><\/tr><tr><td class=\"has-text-align-center\" data-align=\"center\"><img decoding=\"async\" src=\"https:\/\/tribunalsuperiortunja.gov.co\/wp-content\/uploads\/2024\/03\/infografia-1024x437.png\" alt=\"\"><\/td><td><a href=\"https:\/\/tribunalsuperiortunja.gov.co\/wp-content\/uploads\/2024\/03\/009.-Teletrabajo-en-la-Rama-Judicial_Infografia_compressed.pdf\" target=\"_blank\" rel=\"noreferrer noopener\">Infograf\u00eda o pasos a seguir<\/a><\/td><\/tr><tr><td class=\"has-text-align-center\" data-align=\"center\"><img decoding=\"async\" src=\"https:\/\/tribunalsuperiortunja.gov.co\/wp-content\/uploads\/2024\/03\/App-1.png\" alt=\"\" style=\"width: 500px;\"><\/td><td><a href=\"https:\/\/tribunalsuperiortunja.gov.co\/wp-content\/uploads\/2024\/03\/008.-INSTRUCTIVO-TELETRABAJO.pdf\" target=\"_blank\" rel=\"noreferrer noopener\">Instructivo de teletrabajo<\/a><br><br><a href=\"https:\/\/etbcsj.sharepoint.com\/:v:\/s\/Presidencia361\/EYNwfG_aJBFAug-W-t0_HIwBiSuhaSsj5ODBPcoKg1KHWQ?e=FlajOn\" target=\"_blank\" rel=\"noreferrer noopener\">Video solicitud de teletrabajo<\/a><br><br><a href=\"https:\/\/bit.ly\/3SXc2e0\" target=\"_blank\" rel=\"noreferrer noopener\">Aplicativo de teletrabajo<\/a><\/td><\/tr><tr><td class=\"has-text-align-center\" data-align=\"center\"><img decoding=\"async\" src=\"https:\/\/tribunalsuperiortunja.gov.co\/wp-content\/uploads\/2024\/03\/istockphoto-1128782346-612x612-1.jpg\" alt=\"\" style=\"width: 300px;\"><\/td><td><a href=\"https:\/\/tribunalsuperiortunja.gov.co\/wp-content\/uploads\/2024\/03\/010.-CIRCULARES-005-2024.pdf\" target=\"_blank\" rel=\"noreferrer noopener\">Circular 2024 &#8211; 005 Tribunal Superior de Tunja<\/a><br><br><a href=\"https:\/\/forms.office.com\/Pages\/ResponsePage.aspx?id=mLosYviA80GN9Y65mQFZiwoUbwKZisJIiH4UWKsSLMBUQjY0RFk4WlRENkZSVzZOVEFHTktZN1hOMy4u\" target=\"_blank\" rel=\"noreferrer noopener\">Formulario complementario <\/a><\/td><\/tr><tr><td class=\"has-text-align-center\" data-align=\"center\"><br> <img decoding=\"async\" style=\"width: 300px;\" src=\"https:\/\/tribunalsuperiortunja.gov.co\/wp-content\/uploads\/2024\/04\/image-2.jpeg\" alt=\"\"> <br><\/td><td><a href=\"https:\/\/tribunalsuperiortunja.gov.co\/wp-content\/uploads\/2024\/04\/015.-RESOLUCION-024-SALA-PLENA-11042024-TELETRABAJO.pdf\" target=\"_blank\" rel=\"noreferrer noopener\">Resoluci\u00f3n No. 2024 &#8211; 024 (Anuencias de teletrabajo 2024)<\/a><br><br><a href=\"https:\/\/tribunalsuperiortunja.gov.co\/wp-content\/uploads\/2024\/04\/016.-Anexo-Resolucion.pdf\" target=\"_blank\" rel=\"noreferrer noopener\">Anexo Resoluci\u00f3n No. 024<\/a><br><br><a href=\"https:\/\/tribunalsuperiortunja.gov.co\/wp-content\/uploads\/2024\/05\/019.RESOLUCION-029-SALA-PLENA-23042024-Recursos-de-Rep.pdf\" target=\"_blank\" rel=\"noreferrer noopener\">Resoluci\u00f3n No.2024 &#8211; 029 (Resuelve recursos de reposici\u00f3n)<\/a><br><br><a href=\"https:\/\/tribunalsuperiortunja.gov.co\/wp-content\/uploads\/2024\/05\/020.RESOLUCION-031-SALA-PLENA-07052024Recurso.pdf\" target=\"_blank\" rel=\"noreferrer noopener\">Resoluci\u00f3n No. 2024 &#8211; 031 (Resuelve recursos de reposici\u00f3n)<\/a><\/td><\/tr><\/tbody><\/table><\/figure>\n\n\n\n<h2 class=\"has-text-align-center has-large-font-size wp-block-heading\"><strong>FUNCIONARIOS CON MODALIDAD DE TELETRABAJO APROBADA &#8211; PERIODO 2024<\/strong><\/h2>\n\n\n\n<figure class=\"wp-block-table is-style-stripes\"><table class=\"has-fixed-layout\"><thead><tr><th>CON ANUENCIA Y FECHA DE FORMALIZACION<\/th><th>Nombre<\/th><th>Nombre del Despacho<\/th><th>Municipio del Despacho<\/th><th>D\u00edas seleccionados para teletrabajar<\/th><\/tr><\/thead><tbody><tr><td>si&nbsp; 10\/05\/2024<\/td><td>ANA LORENA CUBIDES MORALES<\/td><td>Juzgado 001 Promiscuo Municipal<\/td><td>Garagoa<\/td><td>Lunes;Mi\u00e9rcoles<\/td><\/tr><tr><td>si<br>Formalizado 29 de abril de 2024<\/td><td>Andrea Carolina Pedreros Castellanos<\/td><td>Juzgado Promiscuo Municipal<\/td><td>Sutatenza &#8211; Boyac\u00e1<\/td><td>Lunes;Mi\u00e9rcoles;<\/td><\/tr><tr><td>si 21 de abril de 2024<\/td><td>ANDRES&nbsp; VARGAS CASTRO<\/td><td>JUZGADO 001 PROMISCUO MUNICIPAL DE CH\u00cdQUIZA<\/td><td>CHIQUIZA<\/td><td>lunes y martes<\/td><\/tr><tr><td>si 07\/05\/2024<\/td><td>ANDRES FERNANDO RUIZ HERNANDEZ<\/td><td>JUZGADO 005 DE EJECUCI\u00d3N DE PENAS Y MEDIDAS DE SEGURIDAD DE TUNJA<\/td><td>TUNJA<\/td><td>miercoles jueves<\/td><\/tr><tr><td>si&nbsp; 10\/05\/2024<\/td><td>Andr\u00e9s Ram\u00edrez Pab\u00f3n<\/td><td>Juzgado Promiscuo Municipal de Somondoco<\/td><td>Somondoco<\/td><td>Lunes;Mi\u00e9rcoles;<\/td><\/tr><tr><td>si 02\/05\/2024<\/td><td>Angela Rocio Quiroga Gutierrez<\/td><td>Juzgado Segundo Civil Municipal de Tunja<\/td><td>Tunja<\/td><td>Lunes;Mi\u00e9rcoles;<\/td><\/tr><tr><td>si 02\/05\/2024<\/td><td>CAMILO ANDRES RODRIGUEZ LEON<\/td><td>Juzgado Promiscuo Municipal<\/td><td>Combita<\/td><td>Lunes;<br>Mi\u00e9rcoles;<\/td><\/tr><tr><td>si 02\/05\/2024<\/td><td>CARLOS EDUARDO BOH\u00d3RQUEZ CARO<\/td><td>JUZGADO 003 PENAL MUNICIPAL CON FUNCI\u00d3N DE CONTROL DE GARANT\u00cdAS<\/td><td>TUNJA<\/td><td>Lunes;Jueves;<\/td><\/tr><tr><td>08\/05\/2024 si<\/td><td>CESAR LUIS PICO BARRAGAN<\/td><td>JUZGADO 001 PROMISCUO MUNICIPAL DE CHITARAQUE<\/td><td>CHITARAQUE<\/td><td>martes miercoles<\/td><\/tr><tr><td>si<br>Formalizado 29 de abril de 2024<\/td><td>CLAUDIA PATRICIA GALINDEZ LOPEZ<\/td><td>JUZGADO 001 CIVIL DEL CIRCUITO CHIQUINQUIRA<\/td><td>CHIQUINQUIRA<\/td><td>miercoles, jueves<\/td><\/tr><tr><td>si<\/td><td>CLAUDIA PATRICIA MENDIETA PINEDA<\/td><td>JUZGADO QUINTO PENAL MUNICIPAL CON FUNCIONES DE CONOCIMIENTO DE TUNJA.<\/td><td>TUNJA<\/td><td>Mi\u00e9rcoles;Jueves;<\/td><\/tr><tr><td>si formalizado 25\/04\/2024<\/td><td>DIANA BETSAYDA VILLOTA ERASO<\/td><td>Juzgado Segundo Promiscuo Municipal<\/td><td>Villa de Leyva<\/td><td>lunes, jueves<\/td><\/tr><tr><td>si&nbsp; 10\/05\/2024<\/td><td>DIANA CAROLINA CONDE CASTELLANOS<\/td><td>JUZGADO 001 PROMISCUO MUNICIPAL DE MOTAVITA<\/td><td>MOTAVITA<\/td><td>miercoles y jueves<\/td><\/tr><tr><td>si<br>07\/05\/2024<\/td><td>DIANA PATRICIA ROJAS RODRIGUEZ<\/td><td>juzgado Primero Civil Municipal de Tunja<\/td><td>Tunja &#8211; Boyac\u00e0<\/td><td>Lunes;Mi\u00e9rcoles;<\/td><\/tr><tr><td>si 14\/05\/2024<\/td><td>Doris Patricia Rojas Barreto<\/td><td>JUZGADO PROMISCUO MUNICIPAL<\/td><td>CUCAITA<\/td><td>Lunes;Mi\u00e9rcoles;<\/td><\/tr><tr><td>SI<\/td><td>EDITH MILENA RATIVA GARCIA<\/td><td>JUZGADO 002 DE PEQUE\u00d1AS CAUSAS Y COMPETENCIA MULTIPLE<\/td><td>TUNJA<\/td><td>Pendiente formato de formalizaci\u00f3n Consejo Superior de la Judicatura<\/td><\/tr><tr><td>si&nbsp; 14\/05\/2024<\/td><td>EDWIN YOMBAIRO FONSECA FORERO<\/td><td>JUZGADO 001 PROMISCUO MUNICIPAL DE GUATEQUE<\/td><td>GUATEQUE<\/td><td>miercoles jueves<\/td><\/tr><tr><td>si 02\/05\/2024<\/td><td>Fernando Ibague Pinilla<\/td><td>Juzgado Promiscuo Municipal de Boyac\u00e1<\/td><td>Boyac\u00e1<\/td><td>Jueves;Lunes;<\/td><\/tr><tr><td>si 03\/05\/2024<\/td><td>German Alonso Vargas Segura<\/td><td>juzgado 006 de ejecuci\u00f3n de penas y medidas de seguridad de tunja<\/td><td>Tunja<\/td><td>martes miercoles<\/td><\/tr><tr><td>si<\/td><td>Gladys Constanza Medina Brando<\/td><td>Juzgado cuarto penal del circuito<\/td><td>Tunja<\/td><td>Mi\u00e9rcoles;Jueves;<\/td><\/tr><tr><td>si 09\/05\/2024<\/td><td>HAROLD MAURICIO GUTIERREZ ROMERO<\/td><td>Juzgado penal del circuito especializado<\/td><td>Tunja<\/td><td>Mi\u00e9rcoles;Jueves;<\/td><\/tr><tr><td>si 02\/05\/2024<\/td><td>HELMHOLTZ FERNANDO LOPEZ PIRAQUIVE<\/td><td>JUZGADO 003 CIVIL DEL CIRCUITO DE TUNJA<\/td><td>TUNJA<\/td><td>lunes y jueves<\/td><\/tr><tr><td>si<\/td><td>JAIME ENRIQUE ACOSTA ORDOSGOITIA<\/td><td>JUZGADO 003 PROMISCUO MUNICIPAL DE MONIQUIR\u00c1<\/td><td>MONIQUIRA<\/td><td>lunes y martes<\/td><\/tr><tr><td>si&nbsp; 10\/05\/2024<\/td><td>JAVIER ARMANDO VARGAS VEGA<\/td><td>JUZGADO 001 PROMISCUO MUNICIPAL DE RAMIRIQU\u00cd<\/td><td>RAMIRIQU\u00cd<\/td><td>martes y jueves<\/td><\/tr><tr><td>si&nbsp; 09\/05\/2024<\/td><td>Jorge Alberto Paez Guerra<\/td><td>JUZGADO TERCERO LABORAL DEL CIRCUITO DE TUNJA<\/td><td>TUNJA<\/td><td>Lunes;Jueves;<\/td><\/tr><tr><td>si<\/td><td>JOSE ABEL PULIDO CALIXTO<\/td><td>JUZGADO 001 PROMISCUO MUNICIPAL DE PACHAVITA<\/td><td>PACHAVITA<\/td><td>lunes<\/td><\/tr><tr><td>si&nbsp; 14\/05\/2024<\/td><td>JOSE NEFTALI MARTINEZ PULIDO<\/td><td>JUZGADO PENAL DEL CIRCUITO<\/td><td>Guateque<\/td><td>Lunes;Martes;Mi\u00e9rcoles;<\/td><\/tr><tr><td>si<br>29 de abril de 2024<\/td><td>Juan Carlos Guerrero Matute<\/td><td>JUZGADO PROMISCUO MUNICIPAL SANTA MARIA BOYACA<\/td><td>SANTA MARIA BOYACA<\/td><td>Lunes;Jueves;<\/td><\/tr><tr><td>si<br>Formalizado 25\/04\/2024<\/td><td>JUAN MANUEL PINZON AGUILAR<\/td><td>JUZGADO 001 CIVIL DEL CIRCUITO DE GUATEQUE<\/td><td>GUATEQUE<\/td><td>martes miercoles<\/td><\/tr><tr><td>si&nbsp; 14\/05\/2024<\/td><td>LAURA XIMENA DIAZ RINCON<\/td><td>JUZGADO 001 CIVIL DEL CIRCUITO<\/td><td>TUNJA<\/td><td>Lunes;;Martes;<\/td><\/tr><tr><td>si&nbsp; 09\/05\/2024<\/td><td>LIZ ALEIDA BUITRAGO SANCHEZ<\/td><td>JUZGADO 002 PROMISCUO MUNICIPAL DE RAMIRIQU\u00cd<\/td><td>RAMIRIQU\u00cd<\/td><td>lunes y miercoles<\/td><\/tr><tr><td>si&nbsp; 09\/05\/2024<\/td><td>Lucila Sierra Cely<\/td><td>Juzgado 002 Penal del Circuito<\/td><td>Tunja<\/td><td>Jueves;Martes;<\/td><\/tr><tr><td>si<br>25\/04\/2024<\/td><td>LUIS ERNESTO GUEVARA LOPEZ<\/td><td>JUZGADO 004 CIVIL DEL CIRCUITO DE TUNJA<\/td><td>TUNJA<\/td><td>martes y jueves<\/td><\/tr><tr><td>si 20\/05\/2024<\/td><td>Luz Elena Carre\u00f1o Blanco<\/td><td>juzgado promiscuo municipal<\/td><td>Gachantiva<\/td><td>Lunes;Martes;<\/td><\/tr><tr><td>si&nbsp; 09\/05\/2024<\/td><td>MANUEL&nbsp; RODRIGUEZ ACEVEDO<\/td><td>JUZGADO 002 PROMISCUO MUNICIPAL DE RAMIRIQU\u00cd<\/td><td>RAMIRIQU\u00cd<\/td><td>miercoles, jueves<\/td><\/tr><tr><td>si<br>formalizado 24\/04\/2024<\/td><td>MARIA CAROLINA CASTRO PE\u00d1UELA<\/td><td>JUZGADO PROMISCUO MUNICIPAL DE VIRACACH\u00c1<\/td><td>VIRACACH\u00c1<\/td><td>Jueves;Mi\u00e9rcoles;<\/td><\/tr><tr><td>si&nbsp; 09\/05\/2024<\/td><td>Maria Consuelo Guarin Rubio<\/td><td>Juzgado 04 Penal Municipal con Funcion de Control de Garantias de Tunja<\/td><td>Tunja<\/td><td>Martes;Mi\u00e9rcoles;<\/td><\/tr><tr><td>si&nbsp; 10\/05\/2024<\/td><td>Martha Isabel Salinas Medina<\/td><td>Tribunal Superior de tunja<\/td><td>Tunja<\/td><td>martes miercoles<\/td><\/tr><tr><td>si<\/td><td>MARTHA LUCIA SAENZ SAAVEDRA<\/td><td>JUZGADO 004 LABORAL DE TUNJA<\/td><td>TUNJA<\/td><td>lunes jueves<\/td><\/tr><tr><td>si 02\/05\/2024<\/td><td>Martina Ni\u00f1o Pulido<\/td><td>Juzgado Octavo Penal Municipal Con Funci\u00f3n de Conocimiento<\/td><td>Tunja<\/td><td>Lunes;Mi\u00e9rcoles<\/td><\/tr><tr><td>si 02\/05\/2024<\/td><td>Mayra Liliana Pastran Ca\u00f1on<\/td><td>Juzgado Segundo Civil Municipal de Chiquinquir\u00e1<\/td><td>Chiquinquir\u00e1<\/td><td>Lunes;Mi\u00e9rcoles;<\/td><\/tr><tr><td>si<br>formalizado 24\/04\/2024<\/td><td>Monica Rocio Sanchez Huertas<\/td><td>Juzgado Promiscuo Municipal de Santa Sof\u00eda<\/td><td>Santa Sof\u00eda<\/td><td>Lunes;Martes;<\/td><\/tr><tr><td>si&nbsp; 10\/05\/2024<\/td><td>NANCY&nbsp; BOLIVAR MOJICA<\/td><td>JUZGADO 001 CIVIL DEL CIRCUITO DE MONIQUIR\u00c1<\/td><td>MONIQUIRA<\/td><td>miercoles, jueves<\/td><\/tr><tr><td>si formalizado 19 de abril de 2024<\/td><td>NANCY ESPERANZA HENAO OROZCO<\/td><td>JUZGADO PRIMERO PENAL MUNICIPAL CON FUNCI\u00d3N DE CONTROL DE GARANT\u00cdAS<\/td><td>TUNJA<\/td><td>Martes;Jueves;<\/td><\/tr><tr><td>si&nbsp; 10\/05\/2024<\/td><td>NEL JULIAN MOJICA MOJICA<\/td><td>Juzgado Penal del Circuito de Ramiriqu\u00ed<\/td><td>Ramiriqu\u00ed<\/td><td>Lunes;Mi\u00e9rcoles;<\/td><\/tr><tr><td>si 02\/05\/2024<\/td><td>NIDIA CONSUELO ALBARRACIN ALARCON<\/td><td>JUZGADO PROMISCUO MUNICIPAL DE ARCABUCO<\/td><td>ARCABUCO<\/td><td>Mi\u00e9rcoles;Jueves;<\/td><\/tr><tr><td>si 02\/05\/2024<\/td><td>OLGA LUC\u00cdA GU\u00cdO D\u00cdAZ<\/td><td>JUZGADO PROMISCUO DE FAMILIA<\/td><td>GARAGOA<\/td><td>Mi\u00e9rcoles;Jueves;<\/td><\/tr><tr><td>si&nbsp; 10\/05\/2024<\/td><td>Oscar Benjamin Galan Gonzalez<\/td><td>Juzgado Quinto Penal del Circuito de Tunja con funciones de conocimiento<\/td><td>Tunja<\/td><td>Lunes;Mi\u00e9rcoles;<\/td><\/tr><tr><td>si 02\/05\/2024<\/td><td>PEDRO LEONARDO BUITRAGO GUTI\u00c9RREZ<\/td><td>Juzgado promiscuo municipal de Tinjac\u00e1<\/td><td>Tinjac\u00e1<\/td><td>Lunes;jueves<\/td><\/tr><tr><td>si&nbsp; 10\/05\/2024<\/td><td>ROCIO JOHANA BARRETO JURADO<\/td><td>JUZGADO DE PEQUE\u00d1AS CAUSAS Y COMPETENCIA MULTIPLE TUNJA<\/td><td>TUNJA<\/td><td>lunes miercoles<\/td><\/tr><tr><td>si 02\/05\/2024<\/td><td>ROSALBA&nbsp; ALARCON GERENA<\/td><td>JUZGADO 001 DE FAMILIA DE TUNJA<\/td><td>TUNJA<\/td><td>lunes y miercoles<\/td><\/tr><tr><td>SI<\/td><td>TITO FRANCISCO RAMON VARGAS MARQUEZ<\/td><td>JUZGADO 002 FAMILIA DEL CIRCUITO DE TUNJA<\/td><td>TUNJA<\/td><td>Pendiente formato de formalizaci\u00f3n Consejo Superior de la Judicatura<\/td><\/tr><tr><td>si&nbsp; 14\/05\/2024<\/td><td>VICTOR HUGO ANDRADE AVILA<\/td><td>JUZGADO 001 PROMISCUO MUNICIPAL DE CHIVAT\u00c1<\/td><td>CHIVATA<\/td><td>miercoles, jueves<\/td><\/tr><tr><td>si 09\/05\/2024<\/td><td>Wilson Fabian Roa Martin<\/td><td>Tribunal Superior de Tunja<\/td><td>Tunja<\/td><td>Lunes;Mi\u00e9rcoles;<\/td><\/tr><tr><td>si 02\/05\/2024<\/td><td>Wilson Uriel Ortega Pe\u00f1a<\/td><td>Juzgado primero civil municipal<\/td><td>Chiquinquir\u00e1<\/td><td>Lunes;Martes;<\/td><\/tr><tr><td>si 14\/05\/2024<\/td><td>Yahir Armando Vega Garcia<\/td><td>JUZGADO PENAL DEL CIRCUITO DE MONIQUIRA &#8211; BOYACA<\/td><td>MONIQUIRA &#8211; BOYACA<\/td><td>Lunes;Jueves;<\/td><\/tr><tr><td>SI<\/td><td>YESID ACOSTA ZULETA<\/td><td>JUZGADO PROMISCUO MUNICIPAL DE SORA<\/td><td>SORA<\/td><td>Pendiente formato de formalizaci\u00f3n Consejo Superior de la Judicatura<\/td><\/tr><tr><td>si 09\/05\/2024<\/td><td>Yesid Rodrigo Rodriguez Calderon<\/td><td>Juzgado 1 de ejecuci\u00f3n de penas y medidas de seguridad<\/td><td>Tunja<\/td><td>Martes;;Jueves;<\/td><\/tr><\/tbody><\/table><\/figure>\n","protected":false},"excerpt":{"rendered":"<p>Acuerdo PCSJA24-12151 Anexo del Acuerdo PCSJA24-12151 Infograf\u00eda o pasos a seguir Instructivo de teletrabajo Video solicitud de teletrabajo Aplicativo de teletrabajo Circular 2024 &#8211; 005 Tribunal Superior de Tunja Formulario complementario Resoluci\u00f3n No. 2024 &#8211; 024 (Anuencias de teletrabajo 2024) Anexo Resoluci\u00f3n No. 024 Resoluci\u00f3n No.2024 &#8211; 029 (Resuelve recursos de reposici\u00f3n) Resoluci\u00f3n No. 2024 [&hellip;]<\/p>\n","protected":false},"author":1,"featured_media":0,"parent":0,"menu_order":0,"comment_status":"closed","ping_status":"closed","template":"","meta":{"_uag_custom_page_level_css":"","footnotes":""},"class_list":["post-552","page","type-page","status-publish","hentry","post"],"yoast_head":"<!-- This site is optimized with the Yoast SEO plugin v27.1.1 - https:\/\/yoast.com\/product\/yoast-seo-wordpress\/ -->\n<title>Teletrabajo 2024 - Tribunal Superior del Distrito Judicial de Tunja<\/title>\n<meta name=\"robots\" content=\"index, follow, max-snippet:-1, max-image-preview:large, max-video-preview:-1\" \/>\n<link rel=\"canonical\" href=\"https:\/\/tribunalsuperiortunja.gov.co\/?page_id=552\" \/>\n<meta property=\"og:locale\" content=\"es_ES\" \/>\n<meta property=\"og:type\" content=\"article\" \/>\n<meta property=\"og:title\" content=\"Teletrabajo 2024 - Tribunal Superior del Distrito Judicial de Tunja\" \/>\n<meta property=\"og:description\" content=\"Acuerdo PCSJA24-12151 Anexo del Acuerdo PCSJA24-12151 Infograf\u00eda o pasos a seguir Instructivo de teletrabajo Video solicitud de teletrabajo Aplicativo de teletrabajo Circular 2024 &#8211; 005 Tribunal Superior de Tunja Formulario complementario Resoluci\u00f3n No. 2024 &#8211; 024 (Anuencias de teletrabajo 2024) Anexo Resoluci\u00f3n No. 024 Resoluci\u00f3n No.2024 &#8211; 029 (Resuelve recursos de reposici\u00f3n) Resoluci\u00f3n No. 2024 [&hellip;]\" \/>\n<meta property=\"og:url\" content=\"https:\/\/tribunalsuperiortunja.gov.co\/?page_id=552\" \/>\n<meta property=\"og:site_name\" content=\"Tribunal Superior del Distrito Judicial de Tunja\" \/>\n<meta property=\"article:modified_time\" content=\"2024-05-30T13:17:00+00:00\" \/>\n<meta property=\"og:image\" content=\"https:\/\/tribunalsuperiortunja.gov.co\/wp-content\/uploads\/2024\/03\/Reglamento.png\" \/>\n<meta name=\"twitter:card\" content=\"summary_large_image\" \/>\n<meta name=\"twitter:label1\" content=\"Tiempo de lectura\" \/>\n\t<meta name=\"twitter:data1\" content=\"6 minutos\" \/>\n<script type=\"application\/ld+json\" class=\"yoast-schema-graph\">{\"@context\":\"https:\/\/schema.org\",\"@graph\":[{\"@type\":\"WebPage\",\"@id\":\"https:\/\/tribunalsuperiortunja.gov.co\/?page_id=552\",\"url\":\"https:\/\/tribunalsuperiortunja.gov.co\/?page_id=552\",\"name\":\"Teletrabajo 2024 - Tribunal Superior del Distrito Judicial de Tunja\",\"isPartOf\":{\"@id\":\"https:\/\/tribunalsuperiortunja.gov.co\/#website\"},\"primaryImageOfPage\":{\"@id\":\"https:\/\/tribunalsuperiortunja.gov.co\/?page_id=552#primaryimage\"},\"image\":{\"@id\":\"https:\/\/tribunalsuperiortunja.gov.co\/?page_id=552#primaryimage\"},\"thumbnailUrl\":\"https:\/\/tribunalsuperiortunja.gov.co\/wp-content\/uploads\/2024\/03\/Reglamento.png\",\"datePublished\":\"2024-03-01T19:08:13+00:00\",\"dateModified\":\"2024-05-30T13:17:00+00:00\",\"breadcrumb\":{\"@id\":\"https:\/\/tribunalsuperiortunja.gov.co\/?page_id=552#breadcrumb\"},\"inLanguage\":\"es\",\"potentialAction\":[{\"@type\":\"ReadAction\",\"target\":[\"https:\/\/tribunalsuperiortunja.gov.co\/?page_id=552\"]}]},{\"@type\":\"ImageObject\",\"inLanguage\":\"es\",\"@id\":\"https:\/\/tribunalsuperiortunja.gov.co\/?page_id=552#primaryimage\",\"url\":\"https:\/\/tribunalsuperiortunja.gov.co\/wp-content\/uploads\/2024\/03\/Reglamento.png\",\"contentUrl\":\"https:\/\/tribunalsuperiortunja.gov.co\/wp-content\/uploads\/2024\/03\/Reglamento.png\",\"width\":581,\"height\":482},{\"@type\":\"BreadcrumbList\",\"@id\":\"https:\/\/tribunalsuperiortunja.gov.co\/?page_id=552#breadcrumb\",\"itemListElement\":[{\"@type\":\"ListItem\",\"position\":1,\"name\":\"Portada\",\"item\":\"https:\/\/tribunalsuperiortunja.gov.co\/\"},{\"@type\":\"ListItem\",\"position\":2,\"name\":\"Teletrabajo 2024\"}]},{\"@type\":\"WebSite\",\"@id\":\"https:\/\/tribunalsuperiortunja.gov.co\/#website\",\"url\":\"https:\/\/tribunalsuperiortunja.gov.co\/\",\"name\":\"Tribunal Superior del Distrito Judicial de Tunja\",\"description\":\"Tribunal Superior del Distrito Judicial de Tunja\",\"publisher\":{\"@id\":\"https:\/\/tribunalsuperiortunja.gov.co\/#organization\"},\"potentialAction\":[{\"@type\":\"SearchAction\",\"target\":{\"@type\":\"EntryPoint\",\"urlTemplate\":\"https:\/\/tribunalsuperiortunja.gov.co\/?s={search_term_string}\"},\"query-input\":{\"@type\":\"PropertyValueSpecification\",\"valueRequired\":true,\"valueName\":\"search_term_string\"}}],\"inLanguage\":\"es\"},{\"@type\":\"Organization\",\"@id\":\"https:\/\/tribunalsuperiortunja.gov.co\/#organization\",\"name\":\"Tribunal Superior del Distrito Judicial de Tunja\",\"url\":\"https:\/\/tribunalsuperiortunja.gov.co\/\",\"logo\":{\"@type\":\"ImageObject\",\"inLanguage\":\"es\",\"@id\":\"https:\/\/tribunalsuperiortunja.gov.co\/#\/schema\/logo\/image\/\",\"url\":\"https:\/\/tribunalsuperiortunja.gov.co\/wp-content\/uploads\/2023\/02\/cropped-tribunal-e1675886419375.png\",\"contentUrl\":\"https:\/\/tribunalsuperiortunja.gov.co\/wp-content\/uploads\/2023\/02\/cropped-tribunal-e1675886419375.png\",\"width\":100,\"height\":100,\"caption\":\"Tribunal Superior del Distrito Judicial de Tunja\"},\"image\":{\"@id\":\"https:\/\/tribunalsuperiortunja.gov.co\/#\/schema\/logo\/image\/\"}}]}<\/script>\n<!-- \/ Yoast SEO plugin. -->","yoast_head_json":{"title":"Teletrabajo 2024 - Tribunal Superior del Distrito Judicial de Tunja","robots":{"index":"index","follow":"follow","max-snippet":"max-snippet:-1","max-image-preview":"max-image-preview:large","max-video-preview":"max-video-preview:-1"},"canonical":"https:\/\/tribunalsuperiortunja.gov.co\/?page_id=552","og_locale":"es_ES","og_type":"article","og_title":"Teletrabajo 2024 - Tribunal Superior del Distrito Judicial de Tunja","og_description":"Acuerdo PCSJA24-12151 Anexo del Acuerdo PCSJA24-12151 Infograf\u00eda o pasos a seguir Instructivo de teletrabajo Video solicitud de teletrabajo Aplicativo de teletrabajo Circular 2024 &#8211; 005 Tribunal Superior de Tunja Formulario complementario Resoluci\u00f3n No. 2024 &#8211; 024 (Anuencias de teletrabajo 2024) Anexo Resoluci\u00f3n No. 024 Resoluci\u00f3n No.2024 &#8211; 029 (Resuelve recursos de reposici\u00f3n) Resoluci\u00f3n No. 2024 [&hellip;]","og_url":"https:\/\/tribunalsuperiortunja.gov.co\/?page_id=552","og_site_name":"Tribunal Superior del Distrito Judicial de Tunja","article_modified_time":"2024-05-30T13:17:00+00:00","og_image":[{"url":"https:\/\/tribunalsuperiortunja.gov.co\/wp-content\/uploads\/2024\/03\/Reglamento.png","type":"","width":"","height":""}],"twitter_card":"summary_large_image","twitter_misc":{"Tiempo de lectura":"6 minutos"},"schema":{"@context":"https:\/\/schema.org","@graph":[{"@type":"WebPage","@id":"https:\/\/tribunalsuperiortunja.gov.co\/?page_id=552","url":"https:\/\/tribunalsuperiortunja.gov.co\/?page_id=552","name":"Teletrabajo 2024 - Tribunal Superior del Distrito Judicial de Tunja","isPartOf":{"@id":"https:\/\/tribunalsuperiortunja.gov.co\/#website"},"primaryImageOfPage":{"@id":"https:\/\/tribunalsuperiortunja.gov.co\/?page_id=552#primaryimage"},"image":{"@id":"https:\/\/tribunalsuperiortunja.gov.co\/?page_id=552#primaryimage"},"thumbnailUrl":"https:\/\/tribunalsuperiortunja.gov.co\/wp-content\/uploads\/2024\/03\/Reglamento.png","datePublished":"2024-03-01T19:08:13+00:00","dateModified":"2024-05-30T13:17:00+00:00","breadcrumb":{"@id":"https:\/\/tribunalsuperiortunja.gov.co\/?page_id=552#breadcrumb"},"inLanguage":"es","potentialAction":[{"@type":"ReadAction","target":["https:\/\/tribunalsuperiortunja.gov.co\/?page_id=552"]}]},{"@type":"ImageObject","inLanguage":"es","@id":"https:\/\/tribunalsuperiortunja.gov.co\/?page_id=552#primaryimage","url":"https:\/\/tribunalsuperiortunja.gov.co\/wp-content\/uploads\/2024\/03\/Reglamento.png","contentUrl":"https:\/\/tribunalsuperiortunja.gov.co\/wp-content\/uploads\/2024\/03\/Reglamento.png","width":581,"height":482},{"@type":"BreadcrumbList","@id":"https:\/\/tribunalsuperiortunja.gov.co\/?page_id=552#breadcrumb","itemListElement":[{"@type":"ListItem","position":1,"name":"Portada","item":"https:\/\/tribunalsuperiortunja.gov.co\/"},{"@type":"ListItem","position":2,"name":"Teletrabajo 2024"}]},{"@type":"WebSite","@id":"https:\/\/tribunalsuperiortunja.gov.co\/#website","url":"https:\/\/tribunalsuperiortunja.gov.co\/","name":"Tribunal Superior del Distrito Judicial de Tunja","description":"Tribunal Superior del Distrito Judicial de Tunja","publisher":{"@id":"https:\/\/tribunalsuperiortunja.gov.co\/#organization"},"potentialAction":[{"@type":"SearchAction","target":{"@type":"EntryPoint","urlTemplate":"https:\/\/tribunalsuperiortunja.gov.co\/?s={search_term_string}"},"query-input":{"@type":"PropertyValueSpecification","valueRequired":true,"valueName":"search_term_string"}}],"inLanguage":"es"},{"@type":"Organization","@id":"https:\/\/tribunalsuperiortunja.gov.co\/#organization","name":"Tribunal Superior del Distrito Judicial de Tunja","url":"https:\/\/tribunalsuperiortunja.gov.co\/","logo":{"@type":"ImageObject","inLanguage":"es","@id":"https:\/\/tribunalsuperiortunja.gov.co\/#\/schema\/logo\/image\/","url":"https:\/\/tribunalsuperiortunja.gov.co\/wp-content\/uploads\/2023\/02\/cropped-tribunal-e1675886419375.png","contentUrl":"https:\/\/tribunalsuperiortunja.gov.co\/wp-content\/uploads\/2023\/02\/cropped-tribunal-e1675886419375.png","width":100,"height":100,"caption":"Tribunal Superior del Distrito Judicial de Tunja"},"image":{"@id":"https:\/\/tribunalsuperiortunja.gov.co\/#\/schema\/logo\/image\/"}}]}},"uagb_featured_image_src":{"full":false,"thumbnail":false,"medium":false,"medium_large":false,"large":false,"1536x1536":false,"2048x2048":false,"post-thumbnail":false,"vantage-thumbnail-no-sidebar":false,"vantage-slide":false,"vantage-carousel":false,"vantage-grid-loop":false},"uagb_author_info":{"display_name":"tunjasoporte","author_link":"https:\/\/tribunalsuperiortunja.gov.co\/?author=1"},"uagb_comment_info":0,"uagb_excerpt":"Acuerdo PCSJA24-12151 Anexo del Acuerdo PCSJA24-12151 Infograf\u00eda o pasos a seguir Instructivo de teletrabajo Video solicitud de teletrabajo Aplicativo de teletrabajo Circular 2024 &#8211; 005 Tribunal Superior de Tunja Formulario complementario Resoluci\u00f3n No. 2024 &#8211; 024 (Anuencias de teletrabajo 2024) Anexo Resoluci\u00f3n No. 024 Resoluci\u00f3n No.2024 &#8211; 029 (Resuelve recursos de reposici\u00f3n) Resoluci\u00f3n No. 2024&hellip;","rttpg_featured_image_url":null,"rttpg_author":{"display_name":"tunjasoporte","author_link":"https:\/\/tribunalsuperiortunja.gov.co\/?author=1"},"rttpg_comment":0,"rttpg_category":null,"rttpg_excerpt":"Acuerdo PCSJA24-12151 Anexo del Acuerdo PCSJA24-12151 Infograf\u00eda o pasos a seguir Instructivo de teletrabajo Video solicitud de teletrabajo Aplicativo de teletrabajo Circular 2024 &#8211; 005 Tribunal Superior de Tunja Formulario complementario Resoluci\u00f3n No. 2024 &#8211; 024 (Anuencias de teletrabajo 2024) Anexo Resoluci\u00f3n No. 024 Resoluci\u00f3n No.2024 &#8211; 029 (Resuelve recursos de reposici\u00f3n) Resoluci\u00f3n No. 2024&hellip;","_links":{"self":[{"href":"https:\/\/tribunalsuperiortunja.gov.co\/index.php?rest_route=\/wp\/v2\/pages\/552","targetHints":{"allow":["GET"]}}],"collection":[{"href":"https:\/\/tribunalsuperiortunja.gov.co\/index.php?rest_route=\/wp\/v2\/pages"}],"about":[{"href":"https:\/\/tribunalsuperiortunja.gov.co\/index.php?rest_route=\/wp\/v2\/types\/page"}],"author":[{"embeddable":true,"href":"https:\/\/tribunalsuperiortunja.gov.co\/index.php?rest_route=\/wp\/v2\/users\/1"}],"replies":[{"embeddable":true,"href":"https:\/\/tribunalsuperiortunja.gov.co\/index.php?rest_route=%2Fwp%2Fv2%2Fcomments&post=552"}],"version-history":[{"count":13,"href":"https:\/\/tribunalsuperiortunja.gov.co\/index.php?rest_route=\/wp\/v2\/pages\/552\/revisions"}],"predecessor-version":[{"id":699,"href":"https:\/\/tribunalsuperiortunja.gov.co\/index.php?rest_route=\/wp\/v2\/pages\/552\/revisions\/699"}],"wp:attachment":[{"href":"https:\/\/tribunalsuperiortunja.gov.co\/index.php?rest_route=%2Fwp%2Fv2%2Fmedia&parent=552"}],"curies":[{"name":"wp","href":"https:\/\/api.w.org\/{rel}","templated":true}]}}